{"id":35514,"date":"2025-09-18T17:49:52","date_gmt":"2025-09-18T15:49:52","guid":{"rendered":"https:\/\/palmaarredamenti.it\/?post_type=product&#038;p=35514"},"modified":"2025-09-19T09:41:57","modified_gmt":"2025-09-19T07:41:57","slug":"camera-da-letto-voltan","status":"publish","type":"product","link":"https:\/\/palmaarredamenti.it\/?product=camera-da-letto-voltan","title":{"rendered":"CAMERA DA LETTO VOLTAN"},"content":{"rendered":"<p><strong>DIMENSIONI E DESCRIZIONE<\/strong><\/p>\n<p><strong>LETTO 80\u00a0 \u00a0 \u00a0 \u00a0 \u00a0 \u00a0 \u00a0 \u00a0 \u00a0 \u00a0 \u00a0 \u00a0 \u00a0 \u00a0 \u00a0 \u00a0 \u00a0 \u00a0 \u00a0 \u00a0 \u00a0 \u00a0 \u00a0 \u00a0 \u00a0 \u00a0 \u00a0 \u00a0 \u00a0 \u00a0 \u00a0 \u00a0 \u00a0 \u00a0 \u00a0 \u00a0<\/strong><\/p>\n<p>L. 280 H. 56 P.209<\/p>\n<p>RETE 160X200<\/p>\n<p>C\/ RETE CONTENITORE<\/p>\n<p>C\/2 CASSETTI COORDINATI<\/p>\n<p>FIN. QUERCIA \/ TOP COMODINI VETRO VERNICIATO CAMOSCIO<\/p>\n<p>C\/PIEDI DI SERIE LINK<\/p>\n<p><strong>COMO 80\u00a0 \u00a0 \u00a0 \u00a0 \u00a0 \u00a0 \u00a0 \u00a0 \u00a0 \u00a0 \u00a0 \u00a0 \u00a0 \u00a0 \u00a0 \u00a0 \u00a0 \u00a0 \u00a0 \u00a0 \u00a0 \u00a0 \u00a0 \u00a0 \u00a0 \u00a0 \u00a0 \u00a0 \u00a0 \u00a0 \u00a0 \u00a0 \u00a0 \u00a0 \u00a0 \u00a0\u00a0<\/strong><\/p>\n<p>L.160 H.51\u00a0 P.51<\/p>\n<p>CON 2 CASSETTI<\/p>\n<p>FIN. QUERCIA C\/ TOP VETRO VERNICIATO CAMOSCIO<\/p>\n<p>C\/PIEDI LINK H 30 IN METALLO VERNICIATO NERO<\/p>\n<p><strong>ARMADIO \u00a0LOFT BATTENTE\u00a0 \u00a0 \u00a0 \u00a0 \u00a0 \u00a0 \u00a0 \u00a0 \u00a0 \u00a0 \u00a0 \u00a0 \u00a0 \u00a0 \u00a0 \u00a0 \u00a0 \u00a0<\/strong><\/p>\n<p>L.320 H 260 P.61<\/p>\n<p>LACCATO OPACO CAMOSCIO C\/ POMOLO PUSH LACCATO IN TINTA<\/p>\n<p>C\/ CASSETTIERA INTERNA 3 CASSETTI C\/TOP<\/p>\n<p>C\/ LED VERTICALE<\/p>\n","protected":false},"excerpt":{"rendered":"<p><strong>Ottanta\u00a0<\/strong>\u00e8 un letto matrimoniale con rete per materasso 160 x 200 cm con contenitore.<br \/>\nLa testiera, che si prolunga fino a diventare struttura per due cassetti laterali ha forme avvolgenti e morbide ed \u00e8 interamente costruita in legno.\u200e<\/p>\n<p>Anche il com\u00f2 <strong>Ottanta <\/strong>\u00e8 caratterizzato da forme avvolgenti interamente in legno quercia con il top in vetro verniciato.<\/p>\n<p>Completa la camera l&#8217;armadio Loft battente laccato camoscio che riprende le linee stilistiche con i suoi fianchi stondati.<\/p>\n<p>Da pi\u00f9 di cinquant\u2019anni Voltan produce mobili di altissima qualit\u00e0, dal design innovativo e proiettato verso la modernit\u00e0, ma sempre guardando verso la tradizione e la decennale esperienza.\u200e<br \/>\nNasce cos\u00ec una collezione di fortissimo impatto visivo, aspetto di una modernit\u00e0 che non parte solo dal futuro ma anche dalla memoria e dalla passione, ed \u00e8 fondata sul rispetto e l\u2019amore verso l\u2019artigianato e il \u201cben fatto\u201d che sono valori universali, fondamenti della filosofia dell\u2019azienda.\u200e<\/p>\n","protected":false},"featured_media":35517,"template":"","meta":[],"product_brand":[151],"product_cat":[60],"product_tag":[519,506],"class_list":{"0":"post-35514","1":"product","2":"type-product","3":"status-publish","4":"has-post-thumbnail","6":"product_brand-voltan","7":"product_cat-zona-notte","8":"product_tag-camera-da-letto","9":"product_tag-voltan","12":"first","13":"instock","14":"taxable","15":"shipping-taxable","16":"product-type-simple"},"yoast_head":"<!-- This site is optimized with the Yoast SEO plugin v26.9 - https:\/\/yoast.com\/product\/yoast-seo-wordpress\/ -->\n<title>CAMERA DA LETTO VOLTAN - Palma Arredamenti<\/title>\n<meta name=\"robots\" content=\"index, follow, max-snippet:-1, max-image-preview:large, max-video-preview:-1\" \/>\n<link rel=\"canonical\" href=\"https:\/\/palmaarredamenti.it\/?product=camera-da-letto-voltan\" \/>\n<meta property=\"og:locale\" content=\"it_IT\" \/>\n<meta property=\"og:type\" content=\"article\" \/>\n<meta property=\"og:title\" content=\"CAMERA DA LETTO VOLTAN - Palma Arredamenti\" \/>\n<meta property=\"og:description\" content=\"Ottanta\u00a0\u00e8 un letto matrimoniale con rete per materasso 160 x 200 cm con contenitore. La testiera, che si prolunga fino a diventare struttura per due cassetti laterali ha forme avvolgenti e morbide ed \u00e8 interamente costruita in legno.\u200e  Anche il com\u00f2 Ottanta \u00e8 caratterizzato da forme avvolgenti interamente in legno quercia con il top in vetro verniciato.  Completa la camera l&#039;armadio Loft battente laccato camoscio che riprende le linee stilistiche con i suoi fianchi stondati.  Da pi\u00f9 di cinquant\u2019anni Voltan produce mobili di altissima qualit\u00e0, dal design innovativo e proiettato verso la modernit\u00e0, ma sempre guardando verso la tradizione e la decennale esperienza.\u200e Nasce cos\u00ec una collezione di fortissimo impatto visivo, aspetto di una modernit\u00e0 che non parte solo dal futuro ma anche dalla memoria e dalla passione, ed \u00e8 fondata sul rispetto e l\u2019amore verso l\u2019artigianato e il \u201cben fatto\u201d che sono valori universali, fondamenti della filosofia dell\u2019azienda.\u200e\" \/>\n<meta property=\"og:url\" content=\"https:\/\/palmaarredamenti.it\/?product=camera-da-letto-voltan\" \/>\n<meta property=\"og:site_name\" content=\"Palma Arredamenti\" \/>\n<meta property=\"article:modified_time\" content=\"2025-09-19T07:41:57+00:00\" \/>\n<meta property=\"og:image\" content=\"https:\/\/palmaarredamenti.it\/wp-content\/uploads\/2025\/09\/WhatsApp-Image-2025-09-18-at-17.21.17-1.jpeg\" \/>\n\t<meta property=\"og:image:width\" content=\"1440\" \/>\n\t<meta property=\"og:image:height\" content=\"1920\" \/>\n\t<meta property=\"og:image:type\" content=\"image\/jpeg\" \/>\n<meta name=\"twitter:card\" content=\"summary_large_image\" \/>\n<meta name=\"twitter:label1\" content=\"Tempo di lettura stimato\" \/>\n\t<meta name=\"twitter:data1\" content=\"1 minuto\" \/>\n<script type=\"application\/ld+json\" class=\"yoast-schema-graph\">{\"@context\":\"https:\/\/schema.org\",\"@graph\":[{\"@type\":\"WebPage\",\"@id\":\"https:\/\/palmaarredamenti.it\/?product=camera-da-letto-voltan\",\"url\":\"https:\/\/palmaarredamenti.it\/?product=camera-da-letto-voltan\",\"name\":\"CAMERA DA LETTO VOLTAN - Palma Arredamenti\",\"isPartOf\":{\"@id\":\"https:\/\/palmaarredamenti.it\/#website\"},\"primaryImageOfPage\":{\"@id\":\"https:\/\/palmaarredamenti.it\/?product=camera-da-letto-voltan#primaryimage\"},\"image\":{\"@id\":\"https:\/\/palmaarredamenti.it\/?product=camera-da-letto-voltan#primaryimage\"},\"thumbnailUrl\":\"https:\/\/palmaarredamenti.it\/wp-content\/uploads\/2025\/09\/WhatsApp-Image-2025-09-18-at-17.21.17-1.jpeg\",\"datePublished\":\"2025-09-18T15:49:52+00:00\",\"dateModified\":\"2025-09-19T07:41:57+00:00\",\"breadcrumb\":{\"@id\":\"https:\/\/palmaarredamenti.it\/?product=camera-da-letto-voltan#breadcrumb\"},\"inLanguage\":\"it-IT\",\"potentialAction\":[{\"@type\":\"ReadAction\",\"target\":[\"https:\/\/palmaarredamenti.it\/?product=camera-da-letto-voltan\"]}]},{\"@type\":\"ImageObject\",\"inLanguage\":\"it-IT\",\"@id\":\"https:\/\/palmaarredamenti.it\/?product=camera-da-letto-voltan#primaryimage\",\"url\":\"https:\/\/palmaarredamenti.it\/wp-content\/uploads\/2025\/09\/WhatsApp-Image-2025-09-18-at-17.21.17-1.jpeg\",\"contentUrl\":\"https:\/\/palmaarredamenti.it\/wp-content\/uploads\/2025\/09\/WhatsApp-Image-2025-09-18-at-17.21.17-1.jpeg\",\"width\":1440,\"height\":1920},{\"@type\":\"BreadcrumbList\",\"@id\":\"https:\/\/palmaarredamenti.it\/?product=camera-da-letto-voltan#breadcrumb\",\"itemListElement\":[{\"@type\":\"ListItem\",\"position\":1,\"name\":\"Home\",\"item\":\"https:\/\/palmaarredamenti.it\/\"},{\"@type\":\"ListItem\",\"position\":2,\"name\":\"Shop\",\"item\":\"https:\/\/palmaarredamenti.it\/?page_id=11\"},{\"@type\":\"ListItem\",\"position\":3,\"name\":\"CAMERA DA LETTO VOLTAN\"}]},{\"@type\":\"WebSite\",\"@id\":\"https:\/\/palmaarredamenti.it\/#website\",\"url\":\"https:\/\/palmaarredamenti.it\/\",\"name\":\"Palma Arredamenti\",\"description\":\"Interior design &amp; more\",\"publisher\":{\"@id\":\"https:\/\/palmaarredamenti.it\/#organization\"},\"potentialAction\":[{\"@type\":\"SearchAction\",\"target\":{\"@type\":\"EntryPoint\",\"urlTemplate\":\"https:\/\/palmaarredamenti.it\/?s={search_term_string}\"},\"query-input\":{\"@type\":\"PropertyValueSpecification\",\"valueRequired\":true,\"valueName\":\"search_term_string\"}}],\"inLanguage\":\"it-IT\"},{\"@type\":\"Organization\",\"@id\":\"https:\/\/palmaarredamenti.it\/#organization\",\"name\":\"Palma Arredamenti\",\"url\":\"https:\/\/palmaarredamenti.it\/\",\"logo\":{\"@type\":\"ImageObject\",\"inLanguage\":\"it-IT\",\"@id\":\"https:\/\/palmaarredamenti.it\/#\/schema\/logo\/image\/\",\"url\":\"https:\/\/palmaarredamenti.it\/wp-content\/uploads\/2022\/06\/logo.png\",\"contentUrl\":\"https:\/\/palmaarredamenti.it\/wp-content\/uploads\/2022\/06\/logo.png\",\"width\":600,\"height\":132,\"caption\":\"Palma Arredamenti\"},\"image\":{\"@id\":\"https:\/\/palmaarredamenti.it\/#\/schema\/logo\/image\/\"}}]}<\/script>\n<!-- \/ Yoast SEO plugin. -->","yoast_head_json":{"title":"CAMERA DA LETTO VOLTAN - Palma Arredamenti","robots":{"index":"index","follow":"follow","max-snippet":"max-snippet:-1","max-image-preview":"max-image-preview:large","max-video-preview":"max-video-preview:-1"},"canonical":"https:\/\/palmaarredamenti.it\/?product=camera-da-letto-voltan","og_locale":"it_IT","og_type":"article","og_title":"CAMERA DA LETTO VOLTAN - Palma Arredamenti","og_description":"Ottanta\u00a0\u00e8 un letto matrimoniale con rete per materasso 160 x 200 cm con contenitore. La testiera, che si prolunga fino a diventare struttura per due cassetti laterali ha forme avvolgenti e morbide ed \u00e8 interamente costruita in legno.\u200e  Anche il com\u00f2 Ottanta \u00e8 caratterizzato da forme avvolgenti interamente in legno quercia con il top in vetro verniciato.  Completa la camera l'armadio Loft battente laccato camoscio che riprende le linee stilistiche con i suoi fianchi stondati.  Da pi\u00f9 di cinquant\u2019anni Voltan produce mobili di altissima qualit\u00e0, dal design innovativo e proiettato verso la modernit\u00e0, ma sempre guardando verso la tradizione e la decennale esperienza.\u200e Nasce cos\u00ec una collezione di fortissimo impatto visivo, aspetto di una modernit\u00e0 che non parte solo dal futuro ma anche dalla memoria e dalla passione, ed \u00e8 fondata sul rispetto e l\u2019amore verso l\u2019artigianato e il \u201cben fatto\u201d che sono valori universali, fondamenti della filosofia dell\u2019azienda.\u200e","og_url":"https:\/\/palmaarredamenti.it\/?product=camera-da-letto-voltan","og_site_name":"Palma Arredamenti","article_modified_time":"2025-09-19T07:41:57+00:00","og_image":[{"width":1440,"height":1920,"url":"https:\/\/palmaarredamenti.it\/wp-content\/uploads\/2025\/09\/WhatsApp-Image-2025-09-18-at-17.21.17-1.jpeg","type":"image\/jpeg"}],"twitter_card":"summary_large_image","twitter_misc":{"Tempo di lettura stimato":"1 minuto"},"schema":{"@context":"https:\/\/schema.org","@graph":[{"@type":"WebPage","@id":"https:\/\/palmaarredamenti.it\/?product=camera-da-letto-voltan","url":"https:\/\/palmaarredamenti.it\/?product=camera-da-letto-voltan","name":"CAMERA DA LETTO VOLTAN - Palma Arredamenti","isPartOf":{"@id":"https:\/\/palmaarredamenti.it\/#website"},"primaryImageOfPage":{"@id":"https:\/\/palmaarredamenti.it\/?product=camera-da-letto-voltan#primaryimage"},"image":{"@id":"https:\/\/palmaarredamenti.it\/?product=camera-da-letto-voltan#primaryimage"},"thumbnailUrl":"https:\/\/palmaarredamenti.it\/wp-content\/uploads\/2025\/09\/WhatsApp-Image-2025-09-18-at-17.21.17-1.jpeg","datePublished":"2025-09-18T15:49:52+00:00","dateModified":"2025-09-19T07:41:57+00:00","breadcrumb":{"@id":"https:\/\/palmaarredamenti.it\/?product=camera-da-letto-voltan#breadcrumb"},"inLanguage":"it-IT","potentialAction":[{"@type":"ReadAction","target":["https:\/\/palmaarredamenti.it\/?product=camera-da-letto-voltan"]}]},{"@type":"ImageObject","inLanguage":"it-IT","@id":"https:\/\/palmaarredamenti.it\/?product=camera-da-letto-voltan#primaryimage","url":"https:\/\/palmaarredamenti.it\/wp-content\/uploads\/2025\/09\/WhatsApp-Image-2025-09-18-at-17.21.17-1.jpeg","contentUrl":"https:\/\/palmaarredamenti.it\/wp-content\/uploads\/2025\/09\/WhatsApp-Image-2025-09-18-at-17.21.17-1.jpeg","width":1440,"height":1920},{"@type":"BreadcrumbList","@id":"https:\/\/palmaarredamenti.it\/?product=camera-da-letto-voltan#breadcrumb","itemListElement":[{"@type":"ListItem","position":1,"name":"Home","item":"https:\/\/palmaarredamenti.it\/"},{"@type":"ListItem","position":2,"name":"Shop","item":"https:\/\/palmaarredamenti.it\/?page_id=11"},{"@type":"ListItem","position":3,"name":"CAMERA DA LETTO VOLTAN"}]},{"@type":"WebSite","@id":"https:\/\/palmaarredamenti.it\/#website","url":"https:\/\/palmaarredamenti.it\/","name":"Palma Arredamenti","description":"Interior design &amp; more","publisher":{"@id":"https:\/\/palmaarredamenti.it\/#organization"},"potentialAction":[{"@type":"SearchAction","target":{"@type":"EntryPoint","urlTemplate":"https:\/\/palmaarredamenti.it\/?s={search_term_string}"},"query-input":{"@type":"PropertyValueSpecification","valueRequired":true,"valueName":"search_term_string"}}],"inLanguage":"it-IT"},{"@type":"Organization","@id":"https:\/\/palmaarredamenti.it\/#organization","name":"Palma Arredamenti","url":"https:\/\/palmaarredamenti.it\/","logo":{"@type":"ImageObject","inLanguage":"it-IT","@id":"https:\/\/palmaarredamenti.it\/#\/schema\/logo\/image\/","url":"https:\/\/palmaarredamenti.it\/wp-content\/uploads\/2022\/06\/logo.png","contentUrl":"https:\/\/palmaarredamenti.it\/wp-content\/uploads\/2022\/06\/logo.png","width":600,"height":132,"caption":"Palma Arredamenti"},"image":{"@id":"https:\/\/palmaarredamenti.it\/#\/schema\/logo\/image\/"}}]}},"_links":{"self":[{"href":"https:\/\/palmaarredamenti.it\/index.php?rest_route=\/wp\/v2\/product\/35514","targetHints":{"allow":["GET"]}}],"collection":[{"href":"https:\/\/palmaarredamenti.it\/index.php?rest_route=\/wp\/v2\/product"}],"about":[{"href":"https:\/\/palmaarredamenti.it\/index.php?rest_route=\/wp\/v2\/types\/product"}],"wp:featuredmedia":[{"embeddable":true,"href":"https:\/\/palmaarredamenti.it\/index.php?rest_route=\/wp\/v2\/media\/35517"}],"wp:attachment":[{"href":"https:\/\/palmaarredamenti.it\/index.php?rest_route=%2Fwp%2Fv2%2Fmedia&parent=35514"}],"wp:term":[{"taxonomy":"product_brand","embeddable":true,"href":"https:\/\/palmaarredamenti.it\/index.php?rest_route=%2Fwp%2Fv2%2Fproduct_brand&post=35514"},{"taxonomy":"product_cat","embeddable":true,"href":"https:\/\/palmaarredamenti.it\/index.php?rest_route=%2Fwp%2Fv2%2Fproduct_cat&post=35514"},{"taxonomy":"product_tag","embeddable":true,"href":"https:\/\/palmaarredamenti.it\/index.php?rest_route=%2Fwp%2Fv2%2Fproduct_tag&post=35514"}],"curies":[{"name":"wp","href":"https:\/\/api.w.org\/{rel}","templated":true}]}}