{"id":35184,"date":"2023-05-17T19:41:33","date_gmt":"2023-05-17T17:41:33","guid":{"rendered":"https:\/\/palmaarredamenti.it\/?post_type=product&#038;p=35184"},"modified":"2023-05-17T19:41:33","modified_gmt":"2023-05-17T17:41:33","slug":"sikrea-quadro-mano-e-trottola","status":"publish","type":"product","link":"https:\/\/palmaarredamenti.it\/?product=sikrea-quadro-mano-e-trottola","title":{"rendered":"SIKREA QUADRO MANO E TROTTOLA"},"content":{"rendered":"<p style=\"text-align: center;\"><strong>DIMENSIONI E DESCRIZIONE<\/strong><\/p>\n<p style=\"text-align: center;\">L.170 x H.70<\/p>\n<p style=\"text-align: center;\">SFONDO NERO OPACO SFUMATO<\/p>\n<p style=\"text-align: center;\">OGGETTI E SOGGETTI FINITURE DORATE<\/p>\n<p>&nbsp;<\/p>\n<p>&nbsp;<\/p>\n","protected":false},"excerpt":{"rendered":"<p>L&#8217;arte \u00e8 sempre l&#8217;espressione di ci\u00f2 che vogliamo immaginare vedendo qualcosa&#8230;<br \/>\nLa fantasia di un bambino, la seriet\u00e0 di un adulto, la certezza di un numero.<br \/>\nLa bellezza di un quadro d&#8217;autore per impreziosire ogni ambiente domestico.<\/p>\n","protected":false},"featured_media":35185,"template":"","meta":[],"product_brand":[],"product_cat":[457],"product_tag":[465,464],"class_list":{"0":"post-35184","1":"product","2":"type-product","3":"status-publish","4":"has-post-thumbnail","6":"product_cat-complementi","7":"product_tag-quadro","8":"product_tag-sicrea","11":"first","12":"instock","13":"taxable","14":"shipping-taxable","15":"product-type-simple"},"yoast_head":"<!-- This site is optimized with the Yoast SEO plugin v26.9 - https:\/\/yoast.com\/product\/yoast-seo-wordpress\/ -->\n<title>SIKREA QUADRO MANO E TROTTOLA - Palma Arredamenti<\/title>\n<meta name=\"robots\" content=\"index, follow, max-snippet:-1, max-image-preview:large, max-video-preview:-1\" \/>\n<link rel=\"canonical\" href=\"https:\/\/palmaarredamenti.it\/?product=sikrea-quadro-mano-e-trottola\" \/>\n<meta property=\"og:locale\" content=\"it_IT\" \/>\n<meta property=\"og:type\" content=\"article\" \/>\n<meta property=\"og:title\" content=\"SIKREA QUADRO MANO E TROTTOLA - Palma Arredamenti\" \/>\n<meta property=\"og:description\" content=\"L&#039;arte \u00e8 sempre l&#039;espressione di ci\u00f2 che vogliamo immaginare vedendo qualcosa... La fantasia di un bambino, la seriet\u00e0 di un adulto, la certezza di un numero. La bellezza di un quadro d&#039;autore per impreziosire ogni ambiente domestico.\" \/>\n<meta property=\"og:url\" content=\"https:\/\/palmaarredamenti.it\/?product=sikrea-quadro-mano-e-trottola\" \/>\n<meta property=\"og:site_name\" content=\"Palma Arredamenti\" \/>\n<meta property=\"og:image\" content=\"https:\/\/palmaarredamenti.it\/wp-content\/uploads\/2023\/05\/CDAC6693-077C-443D-8929-AE1D56A8B1CA.jpg\" \/>\n\t<meta property=\"og:image:width\" content=\"1920\" \/>\n\t<meta property=\"og:image:height\" content=\"1920\" \/>\n\t<meta property=\"og:image:type\" content=\"image\/jpeg\" \/>\n<meta name=\"twitter:card\" content=\"summary_large_image\" \/>\n<meta name=\"twitter:label1\" content=\"Tempo di lettura stimato\" \/>\n\t<meta name=\"twitter:data1\" content=\"1 minuto\" \/>\n<script type=\"application\/ld+json\" class=\"yoast-schema-graph\">{\"@context\":\"https:\/\/schema.org\",\"@graph\":[{\"@type\":\"WebPage\",\"@id\":\"https:\/\/palmaarredamenti.it\/?product=sikrea-quadro-mano-e-trottola\",\"url\":\"https:\/\/palmaarredamenti.it\/?product=sikrea-quadro-mano-e-trottola\",\"name\":\"SIKREA QUADRO MANO E TROTTOLA - Palma Arredamenti\",\"isPartOf\":{\"@id\":\"https:\/\/palmaarredamenti.it\/#website\"},\"primaryImageOfPage\":{\"@id\":\"https:\/\/palmaarredamenti.it\/?product=sikrea-quadro-mano-e-trottola#primaryimage\"},\"image\":{\"@id\":\"https:\/\/palmaarredamenti.it\/?product=sikrea-quadro-mano-e-trottola#primaryimage\"},\"thumbnailUrl\":\"https:\/\/palmaarredamenti.it\/wp-content\/uploads\/2023\/05\/CDAC6693-077C-443D-8929-AE1D56A8B1CA.jpg\",\"datePublished\":\"2023-05-17T17:41:33+00:00\",\"breadcrumb\":{\"@id\":\"https:\/\/palmaarredamenti.it\/?product=sikrea-quadro-mano-e-trottola#breadcrumb\"},\"inLanguage\":\"it-IT\",\"potentialAction\":[{\"@type\":\"ReadAction\",\"target\":[\"https:\/\/palmaarredamenti.it\/?product=sikrea-quadro-mano-e-trottola\"]}]},{\"@type\":\"ImageObject\",\"inLanguage\":\"it-IT\",\"@id\":\"https:\/\/palmaarredamenti.it\/?product=sikrea-quadro-mano-e-trottola#primaryimage\",\"url\":\"https:\/\/palmaarredamenti.it\/wp-content\/uploads\/2023\/05\/CDAC6693-077C-443D-8929-AE1D56A8B1CA.jpg\",\"contentUrl\":\"https:\/\/palmaarredamenti.it\/wp-content\/uploads\/2023\/05\/CDAC6693-077C-443D-8929-AE1D56A8B1CA.jpg\",\"width\":1920,\"height\":1920},{\"@type\":\"BreadcrumbList\",\"@id\":\"https:\/\/palmaarredamenti.it\/?product=sikrea-quadro-mano-e-trottola#breadcrumb\",\"itemListElement\":[{\"@type\":\"ListItem\",\"position\":1,\"name\":\"Home\",\"item\":\"https:\/\/palmaarredamenti.it\/\"},{\"@type\":\"ListItem\",\"position\":2,\"name\":\"Shop\",\"item\":\"https:\/\/palmaarredamenti.it\/?page_id=11\"},{\"@type\":\"ListItem\",\"position\":3,\"name\":\"SIKREA QUADRO MANO E TROTTOLA\"}]},{\"@type\":\"WebSite\",\"@id\":\"https:\/\/palmaarredamenti.it\/#website\",\"url\":\"https:\/\/palmaarredamenti.it\/\",\"name\":\"Palma Arredamenti\",\"description\":\"Interior design &amp; more\",\"publisher\":{\"@id\":\"https:\/\/palmaarredamenti.it\/#organization\"},\"potentialAction\":[{\"@type\":\"SearchAction\",\"target\":{\"@type\":\"EntryPoint\",\"urlTemplate\":\"https:\/\/palmaarredamenti.it\/?s={search_term_string}\"},\"query-input\":{\"@type\":\"PropertyValueSpecification\",\"valueRequired\":true,\"valueName\":\"search_term_string\"}}],\"inLanguage\":\"it-IT\"},{\"@type\":\"Organization\",\"@id\":\"https:\/\/palmaarredamenti.it\/#organization\",\"name\":\"Palma Arredamenti\",\"url\":\"https:\/\/palmaarredamenti.it\/\",\"logo\":{\"@type\":\"ImageObject\",\"inLanguage\":\"it-IT\",\"@id\":\"https:\/\/palmaarredamenti.it\/#\/schema\/logo\/image\/\",\"url\":\"https:\/\/palmaarredamenti.it\/wp-content\/uploads\/2022\/06\/logo.png\",\"contentUrl\":\"https:\/\/palmaarredamenti.it\/wp-content\/uploads\/2022\/06\/logo.png\",\"width\":600,\"height\":132,\"caption\":\"Palma Arredamenti\"},\"image\":{\"@id\":\"https:\/\/palmaarredamenti.it\/#\/schema\/logo\/image\/\"}}]}<\/script>\n<!-- \/ Yoast SEO plugin. -->","yoast_head_json":{"title":"SIKREA QUADRO MANO E TROTTOLA - Palma Arredamenti","robots":{"index":"index","follow":"follow","max-snippet":"max-snippet:-1","max-image-preview":"max-image-preview:large","max-video-preview":"max-video-preview:-1"},"canonical":"https:\/\/palmaarredamenti.it\/?product=sikrea-quadro-mano-e-trottola","og_locale":"it_IT","og_type":"article","og_title":"SIKREA QUADRO MANO E TROTTOLA - Palma Arredamenti","og_description":"L'arte \u00e8 sempre l'espressione di ci\u00f2 che vogliamo immaginare vedendo qualcosa... La fantasia di un bambino, la seriet\u00e0 di un adulto, la certezza di un numero. La bellezza di un quadro d'autore per impreziosire ogni ambiente domestico.","og_url":"https:\/\/palmaarredamenti.it\/?product=sikrea-quadro-mano-e-trottola","og_site_name":"Palma Arredamenti","og_image":[{"width":1920,"height":1920,"url":"https:\/\/palmaarredamenti.it\/wp-content\/uploads\/2023\/05\/CDAC6693-077C-443D-8929-AE1D56A8B1CA.jpg","type":"image\/jpeg"}],"twitter_card":"summary_large_image","twitter_misc":{"Tempo di lettura stimato":"1 minuto"},"schema":{"@context":"https:\/\/schema.org","@graph":[{"@type":"WebPage","@id":"https:\/\/palmaarredamenti.it\/?product=sikrea-quadro-mano-e-trottola","url":"https:\/\/palmaarredamenti.it\/?product=sikrea-quadro-mano-e-trottola","name":"SIKREA QUADRO MANO E TROTTOLA - Palma Arredamenti","isPartOf":{"@id":"https:\/\/palmaarredamenti.it\/#website"},"primaryImageOfPage":{"@id":"https:\/\/palmaarredamenti.it\/?product=sikrea-quadro-mano-e-trottola#primaryimage"},"image":{"@id":"https:\/\/palmaarredamenti.it\/?product=sikrea-quadro-mano-e-trottola#primaryimage"},"thumbnailUrl":"https:\/\/palmaarredamenti.it\/wp-content\/uploads\/2023\/05\/CDAC6693-077C-443D-8929-AE1D56A8B1CA.jpg","datePublished":"2023-05-17T17:41:33+00:00","breadcrumb":{"@id":"https:\/\/palmaarredamenti.it\/?product=sikrea-quadro-mano-e-trottola#breadcrumb"},"inLanguage":"it-IT","potentialAction":[{"@type":"ReadAction","target":["https:\/\/palmaarredamenti.it\/?product=sikrea-quadro-mano-e-trottola"]}]},{"@type":"ImageObject","inLanguage":"it-IT","@id":"https:\/\/palmaarredamenti.it\/?product=sikrea-quadro-mano-e-trottola#primaryimage","url":"https:\/\/palmaarredamenti.it\/wp-content\/uploads\/2023\/05\/CDAC6693-077C-443D-8929-AE1D56A8B1CA.jpg","contentUrl":"https:\/\/palmaarredamenti.it\/wp-content\/uploads\/2023\/05\/CDAC6693-077C-443D-8929-AE1D56A8B1CA.jpg","width":1920,"height":1920},{"@type":"BreadcrumbList","@id":"https:\/\/palmaarredamenti.it\/?product=sikrea-quadro-mano-e-trottola#breadcrumb","itemListElement":[{"@type":"ListItem","position":1,"name":"Home","item":"https:\/\/palmaarredamenti.it\/"},{"@type":"ListItem","position":2,"name":"Shop","item":"https:\/\/palmaarredamenti.it\/?page_id=11"},{"@type":"ListItem","position":3,"name":"SIKREA QUADRO MANO E TROTTOLA"}]},{"@type":"WebSite","@id":"https:\/\/palmaarredamenti.it\/#website","url":"https:\/\/palmaarredamenti.it\/","name":"Palma Arredamenti","description":"Interior design &amp; more","publisher":{"@id":"https:\/\/palmaarredamenti.it\/#organization"},"potentialAction":[{"@type":"SearchAction","target":{"@type":"EntryPoint","urlTemplate":"https:\/\/palmaarredamenti.it\/?s={search_term_string}"},"query-input":{"@type":"PropertyValueSpecification","valueRequired":true,"valueName":"search_term_string"}}],"inLanguage":"it-IT"},{"@type":"Organization","@id":"https:\/\/palmaarredamenti.it\/#organization","name":"Palma Arredamenti","url":"https:\/\/palmaarredamenti.it\/","logo":{"@type":"ImageObject","inLanguage":"it-IT","@id":"https:\/\/palmaarredamenti.it\/#\/schema\/logo\/image\/","url":"https:\/\/palmaarredamenti.it\/wp-content\/uploads\/2022\/06\/logo.png","contentUrl":"https:\/\/palmaarredamenti.it\/wp-content\/uploads\/2022\/06\/logo.png","width":600,"height":132,"caption":"Palma Arredamenti"},"image":{"@id":"https:\/\/palmaarredamenti.it\/#\/schema\/logo\/image\/"}}]}},"_links":{"self":[{"href":"https:\/\/palmaarredamenti.it\/index.php?rest_route=\/wp\/v2\/product\/35184","targetHints":{"allow":["GET"]}}],"collection":[{"href":"https:\/\/palmaarredamenti.it\/index.php?rest_route=\/wp\/v2\/product"}],"about":[{"href":"https:\/\/palmaarredamenti.it\/index.php?rest_route=\/wp\/v2\/types\/product"}],"wp:featuredmedia":[{"embeddable":true,"href":"https:\/\/palmaarredamenti.it\/index.php?rest_route=\/wp\/v2\/media\/35185"}],"wp:attachment":[{"href":"https:\/\/palmaarredamenti.it\/index.php?rest_route=%2Fwp%2Fv2%2Fmedia&parent=35184"}],"wp:term":[{"taxonomy":"product_brand","embeddable":true,"href":"https:\/\/palmaarredamenti.it\/index.php?rest_route=%2Fwp%2Fv2%2Fproduct_brand&post=35184"},{"taxonomy":"product_cat","embeddable":true,"href":"https:\/\/palmaarredamenti.it\/index.php?rest_route=%2Fwp%2Fv2%2Fproduct_cat&post=35184"},{"taxonomy":"product_tag","embeddable":true,"href":"https:\/\/palmaarredamenti.it\/index.php?rest_route=%2Fwp%2Fv2%2Fproduct_tag&post=35184"}],"curies":[{"name":"wp","href":"https:\/\/api.w.org\/{rel}","templated":true}]}}