{"id":35131,"date":"2023-05-16T19:51:16","date_gmt":"2023-05-16T17:51:16","guid":{"rendered":"https:\/\/palmaarredamenti.it\/?post_type=product&#038;p=35131"},"modified":"2023-06-03T12:46:50","modified_gmt":"2023-06-03T10:46:50","slug":"riflessi-portofino-orologio","status":"publish","type":"product","link":"https:\/\/palmaarredamenti.it\/?product=riflessi-portofino-orologio","title":{"rendered":"RIFLESSI  PORTOFINO OROLOGIO"},"content":{"rendered":"<p style=\"text-align: center;\"><strong>DESCRIZIONE E DIMENSIONI<\/strong><\/p>\n<h5 style=\"text-align: center;\"><strong>D.100<\/strong><\/h5>\n<p style=\"text-align: center;\"><strong>FINITURA NOIR DESIR\u00a0<\/strong><\/p>\n<h5 class=\"title-section-layout-colonne titolo-2\" style=\"text-align: center;\"><strong>OROLOGIO ROTONDO DA PARETE IN CRISTALLO SERIGRAFATO EFFETTO MARMO<\/strong><\/h5>\n<h5 class=\"title-section-layout-colonne titolo-2\" style=\"text-align: center;\"><strong> CON ILLUMINAZIONE LED A LUCE CALDA<\/strong><\/h5>\n","protected":false},"excerpt":{"rendered":"<p>Monumentale e materico, l\u2019orologio Portofino in cristallo serigrafato non \u00e8 solo un complemento segnatempo, \u00e8 stile, \u00e8 contenuto di eleganza in grado di influenzare profondamente lo stile della casa. Un oggetto funzionale che al tempo stesso dona calore e atmosfera all\u2019ambiente, grazie all\u2019illuminazione calda a LED opzionale.<\/p>\n","protected":false},"featured_media":35132,"template":"","meta":[],"product_brand":[153],"product_cat":[96,457],"product_tag":[452,475,476,453,474],"class_list":{"0":"post-35131","1":"product","2":"type-product","3":"status-publish","4":"has-post-thumbnail","6":"product_brand-riflessi","7":"product_cat-zona-giorno","8":"product_cat-complementi","9":"product_tag-orologio-portofino","10":"product_tag-orologio-riflessi","11":"product_tag-portofino","12":"product_tag-portofino-riflessi","13":"product_tag-riflessi-orologio","16":"first","17":"instock","18":"taxable","19":"shipping-taxable","20":"product-type-simple"},"yoast_head":"<!-- This site is optimized with the Yoast SEO plugin v26.9 - https:\/\/yoast.com\/product\/yoast-seo-wordpress\/ -->\n<title>RIFLESSI PORTOFINO OROLOGIO - Palma Arredamenti<\/title>\n<meta name=\"robots\" content=\"index, follow, max-snippet:-1, max-image-preview:large, max-video-preview:-1\" \/>\n<link rel=\"canonical\" href=\"https:\/\/palmaarredamenti.it\/?product=riflessi-portofino-orologio\" \/>\n<meta property=\"og:locale\" content=\"it_IT\" \/>\n<meta property=\"og:type\" content=\"article\" \/>\n<meta property=\"og:title\" content=\"RIFLESSI PORTOFINO OROLOGIO - Palma Arredamenti\" \/>\n<meta property=\"og:description\" content=\"Monumentale e materico, l\u2019orologio Portofino in cristallo serigrafato non \u00e8 solo un complemento segnatempo, \u00e8 stile, \u00e8 contenuto di eleganza in grado di influenzare profondamente lo stile della casa. Un oggetto funzionale che al tempo stesso dona calore e atmosfera all\u2019ambiente, grazie all\u2019illuminazione calda a LED opzionale.\" \/>\n<meta property=\"og:url\" content=\"https:\/\/palmaarredamenti.it\/?product=riflessi-portofino-orologio\" \/>\n<meta property=\"og:site_name\" content=\"Palma Arredamenti\" \/>\n<meta property=\"article:modified_time\" content=\"2023-06-03T10:46:50+00:00\" \/>\n<meta property=\"og:image\" content=\"https:\/\/palmaarredamenti.it\/wp-content\/uploads\/2023\/05\/504D459A-C263-400C-8E45-6A17D256CFF7.jpg\" \/>\n\t<meta property=\"og:image:width\" content=\"1920\" \/>\n\t<meta property=\"og:image:height\" content=\"1920\" \/>\n\t<meta property=\"og:image:type\" content=\"image\/jpeg\" \/>\n<meta name=\"twitter:card\" content=\"summary_large_image\" \/>\n<meta name=\"twitter:label1\" content=\"Tempo di lettura stimato\" \/>\n\t<meta name=\"twitter:data1\" content=\"1 minuto\" \/>\n<script type=\"application\/ld+json\" class=\"yoast-schema-graph\">{\"@context\":\"https:\/\/schema.org\",\"@graph\":[{\"@type\":\"WebPage\",\"@id\":\"https:\/\/palmaarredamenti.it\/?product=riflessi-portofino-orologio\",\"url\":\"https:\/\/palmaarredamenti.it\/?product=riflessi-portofino-orologio\",\"name\":\"RIFLESSI PORTOFINO OROLOGIO - Palma Arredamenti\",\"isPartOf\":{\"@id\":\"https:\/\/palmaarredamenti.it\/#website\"},\"primaryImageOfPage\":{\"@id\":\"https:\/\/palmaarredamenti.it\/?product=riflessi-portofino-orologio#primaryimage\"},\"image\":{\"@id\":\"https:\/\/palmaarredamenti.it\/?product=riflessi-portofino-orologio#primaryimage\"},\"thumbnailUrl\":\"https:\/\/palmaarredamenti.it\/wp-content\/uploads\/2023\/05\/504D459A-C263-400C-8E45-6A17D256CFF7.jpg\",\"datePublished\":\"2023-05-16T17:51:16+00:00\",\"dateModified\":\"2023-06-03T10:46:50+00:00\",\"breadcrumb\":{\"@id\":\"https:\/\/palmaarredamenti.it\/?product=riflessi-portofino-orologio#breadcrumb\"},\"inLanguage\":\"it-IT\",\"potentialAction\":[{\"@type\":\"ReadAction\",\"target\":[\"https:\/\/palmaarredamenti.it\/?product=riflessi-portofino-orologio\"]}]},{\"@type\":\"ImageObject\",\"inLanguage\":\"it-IT\",\"@id\":\"https:\/\/palmaarredamenti.it\/?product=riflessi-portofino-orologio#primaryimage\",\"url\":\"https:\/\/palmaarredamenti.it\/wp-content\/uploads\/2023\/05\/504D459A-C263-400C-8E45-6A17D256CFF7.jpg\",\"contentUrl\":\"https:\/\/palmaarredamenti.it\/wp-content\/uploads\/2023\/05\/504D459A-C263-400C-8E45-6A17D256CFF7.jpg\",\"width\":1920,\"height\":1920},{\"@type\":\"BreadcrumbList\",\"@id\":\"https:\/\/palmaarredamenti.it\/?product=riflessi-portofino-orologio#breadcrumb\",\"itemListElement\":[{\"@type\":\"ListItem\",\"position\":1,\"name\":\"Home\",\"item\":\"https:\/\/palmaarredamenti.it\/\"},{\"@type\":\"ListItem\",\"position\":2,\"name\":\"Shop\",\"item\":\"https:\/\/palmaarredamenti.it\/?page_id=11\"},{\"@type\":\"ListItem\",\"position\":3,\"name\":\"RIFLESSI PORTOFINO OROLOGIO\"}]},{\"@type\":\"WebSite\",\"@id\":\"https:\/\/palmaarredamenti.it\/#website\",\"url\":\"https:\/\/palmaarredamenti.it\/\",\"name\":\"Palma Arredamenti\",\"description\":\"Interior design &amp; more\",\"publisher\":{\"@id\":\"https:\/\/palmaarredamenti.it\/#organization\"},\"potentialAction\":[{\"@type\":\"SearchAction\",\"target\":{\"@type\":\"EntryPoint\",\"urlTemplate\":\"https:\/\/palmaarredamenti.it\/?s={search_term_string}\"},\"query-input\":{\"@type\":\"PropertyValueSpecification\",\"valueRequired\":true,\"valueName\":\"search_term_string\"}}],\"inLanguage\":\"it-IT\"},{\"@type\":\"Organization\",\"@id\":\"https:\/\/palmaarredamenti.it\/#organization\",\"name\":\"Palma Arredamenti\",\"url\":\"https:\/\/palmaarredamenti.it\/\",\"logo\":{\"@type\":\"ImageObject\",\"inLanguage\":\"it-IT\",\"@id\":\"https:\/\/palmaarredamenti.it\/#\/schema\/logo\/image\/\",\"url\":\"https:\/\/palmaarredamenti.it\/wp-content\/uploads\/2022\/06\/logo.png\",\"contentUrl\":\"https:\/\/palmaarredamenti.it\/wp-content\/uploads\/2022\/06\/logo.png\",\"width\":600,\"height\":132,\"caption\":\"Palma Arredamenti\"},\"image\":{\"@id\":\"https:\/\/palmaarredamenti.it\/#\/schema\/logo\/image\/\"}}]}<\/script>\n<!-- \/ Yoast SEO plugin. -->","yoast_head_json":{"title":"RIFLESSI PORTOFINO OROLOGIO - Palma Arredamenti","robots":{"index":"index","follow":"follow","max-snippet":"max-snippet:-1","max-image-preview":"max-image-preview:large","max-video-preview":"max-video-preview:-1"},"canonical":"https:\/\/palmaarredamenti.it\/?product=riflessi-portofino-orologio","og_locale":"it_IT","og_type":"article","og_title":"RIFLESSI PORTOFINO OROLOGIO - Palma Arredamenti","og_description":"Monumentale e materico, l\u2019orologio Portofino in cristallo serigrafato non \u00e8 solo un complemento segnatempo, \u00e8 stile, \u00e8 contenuto di eleganza in grado di influenzare profondamente lo stile della casa. Un oggetto funzionale che al tempo stesso dona calore e atmosfera all\u2019ambiente, grazie all\u2019illuminazione calda a LED opzionale.","og_url":"https:\/\/palmaarredamenti.it\/?product=riflessi-portofino-orologio","og_site_name":"Palma Arredamenti","article_modified_time":"2023-06-03T10:46:50+00:00","og_image":[{"width":1920,"height":1920,"url":"https:\/\/palmaarredamenti.it\/wp-content\/uploads\/2023\/05\/504D459A-C263-400C-8E45-6A17D256CFF7.jpg","type":"image\/jpeg"}],"twitter_card":"summary_large_image","twitter_misc":{"Tempo di lettura stimato":"1 minuto"},"schema":{"@context":"https:\/\/schema.org","@graph":[{"@type":"WebPage","@id":"https:\/\/palmaarredamenti.it\/?product=riflessi-portofino-orologio","url":"https:\/\/palmaarredamenti.it\/?product=riflessi-portofino-orologio","name":"RIFLESSI PORTOFINO OROLOGIO - Palma Arredamenti","isPartOf":{"@id":"https:\/\/palmaarredamenti.it\/#website"},"primaryImageOfPage":{"@id":"https:\/\/palmaarredamenti.it\/?product=riflessi-portofino-orologio#primaryimage"},"image":{"@id":"https:\/\/palmaarredamenti.it\/?product=riflessi-portofino-orologio#primaryimage"},"thumbnailUrl":"https:\/\/palmaarredamenti.it\/wp-content\/uploads\/2023\/05\/504D459A-C263-400C-8E45-6A17D256CFF7.jpg","datePublished":"2023-05-16T17:51:16+00:00","dateModified":"2023-06-03T10:46:50+00:00","breadcrumb":{"@id":"https:\/\/palmaarredamenti.it\/?product=riflessi-portofino-orologio#breadcrumb"},"inLanguage":"it-IT","potentialAction":[{"@type":"ReadAction","target":["https:\/\/palmaarredamenti.it\/?product=riflessi-portofino-orologio"]}]},{"@type":"ImageObject","inLanguage":"it-IT","@id":"https:\/\/palmaarredamenti.it\/?product=riflessi-portofino-orologio#primaryimage","url":"https:\/\/palmaarredamenti.it\/wp-content\/uploads\/2023\/05\/504D459A-C263-400C-8E45-6A17D256CFF7.jpg","contentUrl":"https:\/\/palmaarredamenti.it\/wp-content\/uploads\/2023\/05\/504D459A-C263-400C-8E45-6A17D256CFF7.jpg","width":1920,"height":1920},{"@type":"BreadcrumbList","@id":"https:\/\/palmaarredamenti.it\/?product=riflessi-portofino-orologio#breadcrumb","itemListElement":[{"@type":"ListItem","position":1,"name":"Home","item":"https:\/\/palmaarredamenti.it\/"},{"@type":"ListItem","position":2,"name":"Shop","item":"https:\/\/palmaarredamenti.it\/?page_id=11"},{"@type":"ListItem","position":3,"name":"RIFLESSI PORTOFINO OROLOGIO"}]},{"@type":"WebSite","@id":"https:\/\/palmaarredamenti.it\/#website","url":"https:\/\/palmaarredamenti.it\/","name":"Palma Arredamenti","description":"Interior design &amp; more","publisher":{"@id":"https:\/\/palmaarredamenti.it\/#organization"},"potentialAction":[{"@type":"SearchAction","target":{"@type":"EntryPoint","urlTemplate":"https:\/\/palmaarredamenti.it\/?s={search_term_string}"},"query-input":{"@type":"PropertyValueSpecification","valueRequired":true,"valueName":"search_term_string"}}],"inLanguage":"it-IT"},{"@type":"Organization","@id":"https:\/\/palmaarredamenti.it\/#organization","name":"Palma Arredamenti","url":"https:\/\/palmaarredamenti.it\/","logo":{"@type":"ImageObject","inLanguage":"it-IT","@id":"https:\/\/palmaarredamenti.it\/#\/schema\/logo\/image\/","url":"https:\/\/palmaarredamenti.it\/wp-content\/uploads\/2022\/06\/logo.png","contentUrl":"https:\/\/palmaarredamenti.it\/wp-content\/uploads\/2022\/06\/logo.png","width":600,"height":132,"caption":"Palma Arredamenti"},"image":{"@id":"https:\/\/palmaarredamenti.it\/#\/schema\/logo\/image\/"}}]}},"_links":{"self":[{"href":"https:\/\/palmaarredamenti.it\/index.php?rest_route=\/wp\/v2\/product\/35131","targetHints":{"allow":["GET"]}}],"collection":[{"href":"https:\/\/palmaarredamenti.it\/index.php?rest_route=\/wp\/v2\/product"}],"about":[{"href":"https:\/\/palmaarredamenti.it\/index.php?rest_route=\/wp\/v2\/types\/product"}],"wp:featuredmedia":[{"embeddable":true,"href":"https:\/\/palmaarredamenti.it\/index.php?rest_route=\/wp\/v2\/media\/35132"}],"wp:attachment":[{"href":"https:\/\/palmaarredamenti.it\/index.php?rest_route=%2Fwp%2Fv2%2Fmedia&parent=35131"}],"wp:term":[{"taxonomy":"product_brand","embeddable":true,"href":"https:\/\/palmaarredamenti.it\/index.php?rest_route=%2Fwp%2Fv2%2Fproduct_brand&post=35131"},{"taxonomy":"product_cat","embeddable":true,"href":"https:\/\/palmaarredamenti.it\/index.php?rest_route=%2Fwp%2Fv2%2Fproduct_cat&post=35131"},{"taxonomy":"product_tag","embeddable":true,"href":"https:\/\/palmaarredamenti.it\/index.php?rest_route=%2Fwp%2Fv2%2Fproduct_tag&post=35131"}],"curies":[{"name":"wp","href":"https:\/\/api.w.org\/{rel}","templated":true}]}}