{"id":35103,"date":"2023-05-06T09:25:57","date_gmt":"2023-05-06T07:25:57","guid":{"rendered":"https:\/\/palmaarredamenti.it\/?post_type=product&#038;p=35103"},"modified":"2023-06-03T12:48:36","modified_gmt":"2023-06-03T10:48:36","slug":"bontempi-cross-tavolino","status":"publish","type":"product","link":"https:\/\/palmaarredamenti.it\/?product=bontempi-cross-tavolino","title":{"rendered":"BONTEMPI  CROSS TAVOLINO"},"content":{"rendered":"<p style=\"text-align: center;\"><strong>DESCRIZIONE E DIMENSIONI<\/strong><\/p>\n<p style=\"text-align: center;\">L.150\u00a0 H.30\u00a0 P.60<\/p>\n<p style=\"text-align: center;\">STRUTTURA FIN. OTTONE SCURO<\/p>\n<p style=\"text-align: center;\">PIANO FIN. VELVET ANTIGRAFFIO NERO<\/p>\n","protected":false},"excerpt":{"rendered":"<p>Il tavolino CROSS, da forma al salotto, comodo e versatile, disegnato per adattarsi a diversi arredamenti e soddisfa tutti i bisogni e i gusti.<br \/>\nNon risponde solo ad esigenze estetiche ma anche funzionali: di forma rotonda, oppure rettangolare, realizzato in Supermarmo arabescato, legno impiallacciato o Superceramica.<br \/>\nPiccoli, pratici, spesso anche allungabili, garantisce qualit\u00e0, funzionalit\u00e0 e praticit\u00e0, in perfetta combinazione con tutti gli stili d\u2019arredamento.<\/p>\n","protected":false},"featured_media":35104,"template":"","meta":[],"product_brand":[163],"product_cat":[96,457],"product_tag":[443,444,445,478],"class_list":{"0":"post-35103","1":"product","2":"type-product","3":"status-publish","4":"has-post-thumbnail","6":"product_brand-bontempi","7":"product_cat-zona-giorno","8":"product_cat-complementi","9":"product_tag-cross","10":"product_tag-cross-tavolino","11":"product_tag-tavolino-bontempi","12":"product_tag-tavolino-soggiorno","15":"first","16":"instock","17":"taxable","18":"shipping-taxable","19":"product-type-simple"},"yoast_head":"<!-- This site is optimized with the Yoast SEO plugin v26.9 - https:\/\/yoast.com\/product\/yoast-seo-wordpress\/ -->\n<title>BONTEMPI CROSS TAVOLINO - Palma Arredamenti<\/title>\n<meta name=\"robots\" content=\"index, follow, max-snippet:-1, max-image-preview:large, max-video-preview:-1\" \/>\n<link rel=\"canonical\" href=\"https:\/\/palmaarredamenti.it\/?product=bontempi-cross-tavolino\" \/>\n<meta property=\"og:locale\" content=\"it_IT\" \/>\n<meta property=\"og:type\" content=\"article\" \/>\n<meta property=\"og:title\" content=\"BONTEMPI CROSS TAVOLINO - Palma Arredamenti\" \/>\n<meta property=\"og:description\" content=\"Il tavolino CROSS, da forma al salotto, comodo e versatile, disegnato per adattarsi a diversi arredamenti e soddisfa tutti i bisogni e i gusti. Non risponde solo ad esigenze estetiche ma anche funzionali: di forma rotonda, oppure rettangolare, realizzato in Supermarmo arabescato, legno impiallacciato o Superceramica. Piccoli, pratici, spesso anche allungabili, garantisce qualit\u00e0, funzionalit\u00e0 e praticit\u00e0, in perfetta combinazione con tutti gli stili d\u2019arredamento.\" \/>\n<meta property=\"og:url\" content=\"https:\/\/palmaarredamenti.it\/?product=bontempi-cross-tavolino\" \/>\n<meta property=\"og:site_name\" content=\"Palma Arredamenti\" \/>\n<meta property=\"article:modified_time\" content=\"2023-06-03T10:48:36+00:00\" \/>\n<meta property=\"og:image\" content=\"https:\/\/palmaarredamenti.it\/wp-content\/uploads\/2023\/05\/A92B5088-F80C-4867-A381-57D5D70E7504.jpg\" \/>\n\t<meta property=\"og:image:width\" content=\"1920\" \/>\n\t<meta property=\"og:image:height\" content=\"1920\" \/>\n\t<meta property=\"og:image:type\" content=\"image\/jpeg\" \/>\n<meta name=\"twitter:card\" content=\"summary_large_image\" \/>\n<meta name=\"twitter:label1\" content=\"Tempo di lettura stimato\" \/>\n\t<meta name=\"twitter:data1\" content=\"1 minuto\" \/>\n<script type=\"application\/ld+json\" class=\"yoast-schema-graph\">{\"@context\":\"https:\/\/schema.org\",\"@graph\":[{\"@type\":\"WebPage\",\"@id\":\"https:\/\/palmaarredamenti.it\/?product=bontempi-cross-tavolino\",\"url\":\"https:\/\/palmaarredamenti.it\/?product=bontempi-cross-tavolino\",\"name\":\"BONTEMPI CROSS TAVOLINO - Palma Arredamenti\",\"isPartOf\":{\"@id\":\"https:\/\/palmaarredamenti.it\/#website\"},\"primaryImageOfPage\":{\"@id\":\"https:\/\/palmaarredamenti.it\/?product=bontempi-cross-tavolino#primaryimage\"},\"image\":{\"@id\":\"https:\/\/palmaarredamenti.it\/?product=bontempi-cross-tavolino#primaryimage\"},\"thumbnailUrl\":\"https:\/\/palmaarredamenti.it\/wp-content\/uploads\/2023\/05\/A92B5088-F80C-4867-A381-57D5D70E7504.jpg\",\"datePublished\":\"2023-05-06T07:25:57+00:00\",\"dateModified\":\"2023-06-03T10:48:36+00:00\",\"breadcrumb\":{\"@id\":\"https:\/\/palmaarredamenti.it\/?product=bontempi-cross-tavolino#breadcrumb\"},\"inLanguage\":\"it-IT\",\"potentialAction\":[{\"@type\":\"ReadAction\",\"target\":[\"https:\/\/palmaarredamenti.it\/?product=bontempi-cross-tavolino\"]}]},{\"@type\":\"ImageObject\",\"inLanguage\":\"it-IT\",\"@id\":\"https:\/\/palmaarredamenti.it\/?product=bontempi-cross-tavolino#primaryimage\",\"url\":\"https:\/\/palmaarredamenti.it\/wp-content\/uploads\/2023\/05\/A92B5088-F80C-4867-A381-57D5D70E7504.jpg\",\"contentUrl\":\"https:\/\/palmaarredamenti.it\/wp-content\/uploads\/2023\/05\/A92B5088-F80C-4867-A381-57D5D70E7504.jpg\",\"width\":1920,\"height\":1920},{\"@type\":\"BreadcrumbList\",\"@id\":\"https:\/\/palmaarredamenti.it\/?product=bontempi-cross-tavolino#breadcrumb\",\"itemListElement\":[{\"@type\":\"ListItem\",\"position\":1,\"name\":\"Home\",\"item\":\"https:\/\/palmaarredamenti.it\/\"},{\"@type\":\"ListItem\",\"position\":2,\"name\":\"Shop\",\"item\":\"https:\/\/palmaarredamenti.it\/?page_id=11\"},{\"@type\":\"ListItem\",\"position\":3,\"name\":\"BONTEMPI CROSS TAVOLINO\"}]},{\"@type\":\"WebSite\",\"@id\":\"https:\/\/palmaarredamenti.it\/#website\",\"url\":\"https:\/\/palmaarredamenti.it\/\",\"name\":\"Palma Arredamenti\",\"description\":\"Interior design &amp; more\",\"publisher\":{\"@id\":\"https:\/\/palmaarredamenti.it\/#organization\"},\"potentialAction\":[{\"@type\":\"SearchAction\",\"target\":{\"@type\":\"EntryPoint\",\"urlTemplate\":\"https:\/\/palmaarredamenti.it\/?s={search_term_string}\"},\"query-input\":{\"@type\":\"PropertyValueSpecification\",\"valueRequired\":true,\"valueName\":\"search_term_string\"}}],\"inLanguage\":\"it-IT\"},{\"@type\":\"Organization\",\"@id\":\"https:\/\/palmaarredamenti.it\/#organization\",\"name\":\"Palma Arredamenti\",\"url\":\"https:\/\/palmaarredamenti.it\/\",\"logo\":{\"@type\":\"ImageObject\",\"inLanguage\":\"it-IT\",\"@id\":\"https:\/\/palmaarredamenti.it\/#\/schema\/logo\/image\/\",\"url\":\"https:\/\/palmaarredamenti.it\/wp-content\/uploads\/2022\/06\/logo.png\",\"contentUrl\":\"https:\/\/palmaarredamenti.it\/wp-content\/uploads\/2022\/06\/logo.png\",\"width\":600,\"height\":132,\"caption\":\"Palma Arredamenti\"},\"image\":{\"@id\":\"https:\/\/palmaarredamenti.it\/#\/schema\/logo\/image\/\"}}]}<\/script>\n<!-- \/ Yoast SEO plugin. -->","yoast_head_json":{"title":"BONTEMPI CROSS TAVOLINO - Palma Arredamenti","robots":{"index":"index","follow":"follow","max-snippet":"max-snippet:-1","max-image-preview":"max-image-preview:large","max-video-preview":"max-video-preview:-1"},"canonical":"https:\/\/palmaarredamenti.it\/?product=bontempi-cross-tavolino","og_locale":"it_IT","og_type":"article","og_title":"BONTEMPI CROSS TAVOLINO - Palma Arredamenti","og_description":"Il tavolino CROSS, da forma al salotto, comodo e versatile, disegnato per adattarsi a diversi arredamenti e soddisfa tutti i bisogni e i gusti. Non risponde solo ad esigenze estetiche ma anche funzionali: di forma rotonda, oppure rettangolare, realizzato in Supermarmo arabescato, legno impiallacciato o Superceramica. Piccoli, pratici, spesso anche allungabili, garantisce qualit\u00e0, funzionalit\u00e0 e praticit\u00e0, in perfetta combinazione con tutti gli stili d\u2019arredamento.","og_url":"https:\/\/palmaarredamenti.it\/?product=bontempi-cross-tavolino","og_site_name":"Palma Arredamenti","article_modified_time":"2023-06-03T10:48:36+00:00","og_image":[{"width":1920,"height":1920,"url":"https:\/\/palmaarredamenti.it\/wp-content\/uploads\/2023\/05\/A92B5088-F80C-4867-A381-57D5D70E7504.jpg","type":"image\/jpeg"}],"twitter_card":"summary_large_image","twitter_misc":{"Tempo di lettura stimato":"1 minuto"},"schema":{"@context":"https:\/\/schema.org","@graph":[{"@type":"WebPage","@id":"https:\/\/palmaarredamenti.it\/?product=bontempi-cross-tavolino","url":"https:\/\/palmaarredamenti.it\/?product=bontempi-cross-tavolino","name":"BONTEMPI CROSS TAVOLINO - Palma Arredamenti","isPartOf":{"@id":"https:\/\/palmaarredamenti.it\/#website"},"primaryImageOfPage":{"@id":"https:\/\/palmaarredamenti.it\/?product=bontempi-cross-tavolino#primaryimage"},"image":{"@id":"https:\/\/palmaarredamenti.it\/?product=bontempi-cross-tavolino#primaryimage"},"thumbnailUrl":"https:\/\/palmaarredamenti.it\/wp-content\/uploads\/2023\/05\/A92B5088-F80C-4867-A381-57D5D70E7504.jpg","datePublished":"2023-05-06T07:25:57+00:00","dateModified":"2023-06-03T10:48:36+00:00","breadcrumb":{"@id":"https:\/\/palmaarredamenti.it\/?product=bontempi-cross-tavolino#breadcrumb"},"inLanguage":"it-IT","potentialAction":[{"@type":"ReadAction","target":["https:\/\/palmaarredamenti.it\/?product=bontempi-cross-tavolino"]}]},{"@type":"ImageObject","inLanguage":"it-IT","@id":"https:\/\/palmaarredamenti.it\/?product=bontempi-cross-tavolino#primaryimage","url":"https:\/\/palmaarredamenti.it\/wp-content\/uploads\/2023\/05\/A92B5088-F80C-4867-A381-57D5D70E7504.jpg","contentUrl":"https:\/\/palmaarredamenti.it\/wp-content\/uploads\/2023\/05\/A92B5088-F80C-4867-A381-57D5D70E7504.jpg","width":1920,"height":1920},{"@type":"BreadcrumbList","@id":"https:\/\/palmaarredamenti.it\/?product=bontempi-cross-tavolino#breadcrumb","itemListElement":[{"@type":"ListItem","position":1,"name":"Home","item":"https:\/\/palmaarredamenti.it\/"},{"@type":"ListItem","position":2,"name":"Shop","item":"https:\/\/palmaarredamenti.it\/?page_id=11"},{"@type":"ListItem","position":3,"name":"BONTEMPI CROSS TAVOLINO"}]},{"@type":"WebSite","@id":"https:\/\/palmaarredamenti.it\/#website","url":"https:\/\/palmaarredamenti.it\/","name":"Palma Arredamenti","description":"Interior design &amp; more","publisher":{"@id":"https:\/\/palmaarredamenti.it\/#organization"},"potentialAction":[{"@type":"SearchAction","target":{"@type":"EntryPoint","urlTemplate":"https:\/\/palmaarredamenti.it\/?s={search_term_string}"},"query-input":{"@type":"PropertyValueSpecification","valueRequired":true,"valueName":"search_term_string"}}],"inLanguage":"it-IT"},{"@type":"Organization","@id":"https:\/\/palmaarredamenti.it\/#organization","name":"Palma Arredamenti","url":"https:\/\/palmaarredamenti.it\/","logo":{"@type":"ImageObject","inLanguage":"it-IT","@id":"https:\/\/palmaarredamenti.it\/#\/schema\/logo\/image\/","url":"https:\/\/palmaarredamenti.it\/wp-content\/uploads\/2022\/06\/logo.png","contentUrl":"https:\/\/palmaarredamenti.it\/wp-content\/uploads\/2022\/06\/logo.png","width":600,"height":132,"caption":"Palma Arredamenti"},"image":{"@id":"https:\/\/palmaarredamenti.it\/#\/schema\/logo\/image\/"}}]}},"_links":{"self":[{"href":"https:\/\/palmaarredamenti.it\/index.php?rest_route=\/wp\/v2\/product\/35103","targetHints":{"allow":["GET"]}}],"collection":[{"href":"https:\/\/palmaarredamenti.it\/index.php?rest_route=\/wp\/v2\/product"}],"about":[{"href":"https:\/\/palmaarredamenti.it\/index.php?rest_route=\/wp\/v2\/types\/product"}],"wp:featuredmedia":[{"embeddable":true,"href":"https:\/\/palmaarredamenti.it\/index.php?rest_route=\/wp\/v2\/media\/35104"}],"wp:attachment":[{"href":"https:\/\/palmaarredamenti.it\/index.php?rest_route=%2Fwp%2Fv2%2Fmedia&parent=35103"}],"wp:term":[{"taxonomy":"product_brand","embeddable":true,"href":"https:\/\/palmaarredamenti.it\/index.php?rest_route=%2Fwp%2Fv2%2Fproduct_brand&post=35103"},{"taxonomy":"product_cat","embeddable":true,"href":"https:\/\/palmaarredamenti.it\/index.php?rest_route=%2Fwp%2Fv2%2Fproduct_cat&post=35103"},{"taxonomy":"product_tag","embeddable":true,"href":"https:\/\/palmaarredamenti.it\/index.php?rest_route=%2Fwp%2Fv2%2Fproduct_tag&post=35103"}],"curies":[{"name":"wp","href":"https:\/\/api.w.org\/{rel}","templated":true}]}}