{"id":34895,"date":"2022-12-14T17:19:53","date_gmt":"2022-12-14T16:19:53","guid":{"rendered":"https:\/\/palmaarredamenti.it\/?post_type=product&#038;p=34895"},"modified":"2023-05-26T09:52:08","modified_gmt":"2023-05-26T07:52:08","slug":"lago-air-tavolo-allungabile","status":"publish","type":"product","link":"https:\/\/palmaarredamenti.it\/?product=lago-air-tavolo-allungabile","title":{"rendered":"LAGO  AIR TAVOLO ALLUNGABILE"},"content":{"rendered":"<p style=\"text-align: center;\"><strong>DIMENSIONI E DESCRIZIONE<\/strong><\/p>\n<p style=\"text-align: center;\">L.160\/264\u00a0 P.85\u00a0 H.76<\/p>\n<p style=\"text-align: center;\">PIANO ALLUNGABILE CON PROLUNGHE WILDWOOD<\/p>\n<p style=\"text-align: center;\">PIANO FINITURA WILDWOOD NATURALE<\/p>\n<p style=\"text-align: center;\">GAMBE VETRO TEMPERATO EXTRA-CHIARO<\/p>\n","protected":false},"excerpt":{"rendered":"<p>Il tavolo Air Allungabile \u00e8 un tavolo sospeso su gambe di cristallo che permette di aggiungere fino a quattro posti a sedere, estendendo cos\u00ec non solo il piano del tavolo ma anche la convivialit\u00e0.<br \/>\nUna scelta ideale per arredare la zona cucina, la sala da pranzo o il soggiorno.<\/p>\n<p>Il tavolo Air Allungabile \u00e8 un tavolo pensato per vivere momenti speciali, all\u2019insegna della socialit\u00e0 e della condivisione. Si possono personalizzare il piano e le prolunghe con lo stesso materiale, per creare continuit\u00e0 nell\u2019interior, oppure con due materiali diversi per puntare su un contrasto originale.<\/p>\n<p>&nbsp;<\/p>\n","protected":false},"featured_media":35217,"template":"","meta":[],"product_brand":[62],"product_cat":[96],"product_tag":[186,396,397],"class_list":{"0":"post-34895","1":"product","2":"type-product","3":"status-publish","4":"has-post-thumbnail","6":"product_brand-lago","7":"product_cat-zona-giorno","8":"product_tag-air-lago","9":"product_tag-tavolo-air","10":"product_tag-tavolo-lago","13":"first","14":"instock","15":"taxable","16":"shipping-taxable","17":"product-type-simple"},"yoast_head":"<!-- This site is optimized with the Yoast SEO plugin v26.9 - https:\/\/yoast.com\/product\/yoast-seo-wordpress\/ -->\n<title>LAGO AIR TAVOLO ALLUNGABILE - Palma Arredamenti<\/title>\n<meta name=\"robots\" content=\"index, follow, max-snippet:-1, max-image-preview:large, max-video-preview:-1\" \/>\n<link rel=\"canonical\" href=\"https:\/\/palmaarredamenti.it\/?product=lago-air-tavolo-allungabile\" \/>\n<meta property=\"og:locale\" content=\"it_IT\" \/>\n<meta property=\"og:type\" content=\"article\" \/>\n<meta property=\"og:title\" content=\"LAGO AIR TAVOLO ALLUNGABILE - Palma Arredamenti\" \/>\n<meta property=\"og:description\" content=\"Il tavolo Air Allungabile \u00e8 un tavolo sospeso su gambe di cristallo che permette di aggiungere fino a quattro posti a sedere, estendendo cos\u00ec non solo il piano del tavolo ma anche la convivialit\u00e0. Una scelta ideale per arredare la zona cucina, la sala da pranzo o il soggiorno.  Il tavolo Air Allungabile \u00e8 un tavolo pensato per vivere momenti speciali, all\u2019insegna della socialit\u00e0 e della condivisione. Si possono personalizzare il piano e le prolunghe con lo stesso materiale, per creare continuit\u00e0 nell\u2019interior, oppure con due materiali diversi per puntare su un contrasto originale.  &nbsp;\" \/>\n<meta property=\"og:url\" content=\"https:\/\/palmaarredamenti.it\/?product=lago-air-tavolo-allungabile\" \/>\n<meta property=\"og:site_name\" content=\"Palma Arredamenti\" \/>\n<meta property=\"article:modified_time\" content=\"2023-05-26T07:52:08+00:00\" \/>\n<meta property=\"og:image\" content=\"https:\/\/palmaarredamenti.it\/wp-content\/uploads\/2022\/12\/lago.jpg\" \/>\n\t<meta property=\"og:image:width\" content=\"863\" \/>\n\t<meta property=\"og:image:height\" content=\"738\" \/>\n\t<meta property=\"og:image:type\" content=\"image\/jpeg\" \/>\n<meta name=\"twitter:card\" content=\"summary_large_image\" \/>\n<meta name=\"twitter:label1\" content=\"Tempo di lettura stimato\" \/>\n\t<meta name=\"twitter:data1\" content=\"1 minuto\" \/>\n<script type=\"application\/ld+json\" class=\"yoast-schema-graph\">{\"@context\":\"https:\/\/schema.org\",\"@graph\":[{\"@type\":\"WebPage\",\"@id\":\"https:\/\/palmaarredamenti.it\/?product=lago-air-tavolo-allungabile\",\"url\":\"https:\/\/palmaarredamenti.it\/?product=lago-air-tavolo-allungabile\",\"name\":\"LAGO AIR TAVOLO ALLUNGABILE - Palma Arredamenti\",\"isPartOf\":{\"@id\":\"https:\/\/palmaarredamenti.it\/#website\"},\"primaryImageOfPage\":{\"@id\":\"https:\/\/palmaarredamenti.it\/?product=lago-air-tavolo-allungabile#primaryimage\"},\"image\":{\"@id\":\"https:\/\/palmaarredamenti.it\/?product=lago-air-tavolo-allungabile#primaryimage\"},\"thumbnailUrl\":\"https:\/\/palmaarredamenti.it\/wp-content\/uploads\/2022\/12\/lago.jpg\",\"datePublished\":\"2022-12-14T16:19:53+00:00\",\"dateModified\":\"2023-05-26T07:52:08+00:00\",\"breadcrumb\":{\"@id\":\"https:\/\/palmaarredamenti.it\/?product=lago-air-tavolo-allungabile#breadcrumb\"},\"inLanguage\":\"it-IT\",\"potentialAction\":[{\"@type\":\"ReadAction\",\"target\":[\"https:\/\/palmaarredamenti.it\/?product=lago-air-tavolo-allungabile\"]}]},{\"@type\":\"ImageObject\",\"inLanguage\":\"it-IT\",\"@id\":\"https:\/\/palmaarredamenti.it\/?product=lago-air-tavolo-allungabile#primaryimage\",\"url\":\"https:\/\/palmaarredamenti.it\/wp-content\/uploads\/2022\/12\/lago.jpg\",\"contentUrl\":\"https:\/\/palmaarredamenti.it\/wp-content\/uploads\/2022\/12\/lago.jpg\",\"width\":863,\"height\":738},{\"@type\":\"BreadcrumbList\",\"@id\":\"https:\/\/palmaarredamenti.it\/?product=lago-air-tavolo-allungabile#breadcrumb\",\"itemListElement\":[{\"@type\":\"ListItem\",\"position\":1,\"name\":\"Home\",\"item\":\"https:\/\/palmaarredamenti.it\/\"},{\"@type\":\"ListItem\",\"position\":2,\"name\":\"Shop\",\"item\":\"https:\/\/palmaarredamenti.it\/?page_id=11\"},{\"@type\":\"ListItem\",\"position\":3,\"name\":\"LAGO AIR TAVOLO ALLUNGABILE\"}]},{\"@type\":\"WebSite\",\"@id\":\"https:\/\/palmaarredamenti.it\/#website\",\"url\":\"https:\/\/palmaarredamenti.it\/\",\"name\":\"Palma Arredamenti\",\"description\":\"Interior design &amp; more\",\"publisher\":{\"@id\":\"https:\/\/palmaarredamenti.it\/#organization\"},\"potentialAction\":[{\"@type\":\"SearchAction\",\"target\":{\"@type\":\"EntryPoint\",\"urlTemplate\":\"https:\/\/palmaarredamenti.it\/?s={search_term_string}\"},\"query-input\":{\"@type\":\"PropertyValueSpecification\",\"valueRequired\":true,\"valueName\":\"search_term_string\"}}],\"inLanguage\":\"it-IT\"},{\"@type\":\"Organization\",\"@id\":\"https:\/\/palmaarredamenti.it\/#organization\",\"name\":\"Palma Arredamenti\",\"url\":\"https:\/\/palmaarredamenti.it\/\",\"logo\":{\"@type\":\"ImageObject\",\"inLanguage\":\"it-IT\",\"@id\":\"https:\/\/palmaarredamenti.it\/#\/schema\/logo\/image\/\",\"url\":\"https:\/\/palmaarredamenti.it\/wp-content\/uploads\/2022\/06\/logo.png\",\"contentUrl\":\"https:\/\/palmaarredamenti.it\/wp-content\/uploads\/2022\/06\/logo.png\",\"width\":600,\"height\":132,\"caption\":\"Palma Arredamenti\"},\"image\":{\"@id\":\"https:\/\/palmaarredamenti.it\/#\/schema\/logo\/image\/\"}}]}<\/script>\n<!-- \/ Yoast SEO plugin. -->","yoast_head_json":{"title":"LAGO AIR TAVOLO ALLUNGABILE - Palma Arredamenti","robots":{"index":"index","follow":"follow","max-snippet":"max-snippet:-1","max-image-preview":"max-image-preview:large","max-video-preview":"max-video-preview:-1"},"canonical":"https:\/\/palmaarredamenti.it\/?product=lago-air-tavolo-allungabile","og_locale":"it_IT","og_type":"article","og_title":"LAGO AIR TAVOLO ALLUNGABILE - Palma Arredamenti","og_description":"Il tavolo Air Allungabile \u00e8 un tavolo sospeso su gambe di cristallo che permette di aggiungere fino a quattro posti a sedere, estendendo cos\u00ec non solo il piano del tavolo ma anche la convivialit\u00e0. Una scelta ideale per arredare la zona cucina, la sala da pranzo o il soggiorno.  Il tavolo Air Allungabile \u00e8 un tavolo pensato per vivere momenti speciali, all\u2019insegna della socialit\u00e0 e della condivisione. Si possono personalizzare il piano e le prolunghe con lo stesso materiale, per creare continuit\u00e0 nell\u2019interior, oppure con due materiali diversi per puntare su un contrasto originale.  &nbsp;","og_url":"https:\/\/palmaarredamenti.it\/?product=lago-air-tavolo-allungabile","og_site_name":"Palma Arredamenti","article_modified_time":"2023-05-26T07:52:08+00:00","og_image":[{"width":863,"height":738,"url":"https:\/\/palmaarredamenti.it\/wp-content\/uploads\/2022\/12\/lago.jpg","type":"image\/jpeg"}],"twitter_card":"summary_large_image","twitter_misc":{"Tempo di lettura stimato":"1 minuto"},"schema":{"@context":"https:\/\/schema.org","@graph":[{"@type":"WebPage","@id":"https:\/\/palmaarredamenti.it\/?product=lago-air-tavolo-allungabile","url":"https:\/\/palmaarredamenti.it\/?product=lago-air-tavolo-allungabile","name":"LAGO AIR TAVOLO ALLUNGABILE - Palma Arredamenti","isPartOf":{"@id":"https:\/\/palmaarredamenti.it\/#website"},"primaryImageOfPage":{"@id":"https:\/\/palmaarredamenti.it\/?product=lago-air-tavolo-allungabile#primaryimage"},"image":{"@id":"https:\/\/palmaarredamenti.it\/?product=lago-air-tavolo-allungabile#primaryimage"},"thumbnailUrl":"https:\/\/palmaarredamenti.it\/wp-content\/uploads\/2022\/12\/lago.jpg","datePublished":"2022-12-14T16:19:53+00:00","dateModified":"2023-05-26T07:52:08+00:00","breadcrumb":{"@id":"https:\/\/palmaarredamenti.it\/?product=lago-air-tavolo-allungabile#breadcrumb"},"inLanguage":"it-IT","potentialAction":[{"@type":"ReadAction","target":["https:\/\/palmaarredamenti.it\/?product=lago-air-tavolo-allungabile"]}]},{"@type":"ImageObject","inLanguage":"it-IT","@id":"https:\/\/palmaarredamenti.it\/?product=lago-air-tavolo-allungabile#primaryimage","url":"https:\/\/palmaarredamenti.it\/wp-content\/uploads\/2022\/12\/lago.jpg","contentUrl":"https:\/\/palmaarredamenti.it\/wp-content\/uploads\/2022\/12\/lago.jpg","width":863,"height":738},{"@type":"BreadcrumbList","@id":"https:\/\/palmaarredamenti.it\/?product=lago-air-tavolo-allungabile#breadcrumb","itemListElement":[{"@type":"ListItem","position":1,"name":"Home","item":"https:\/\/palmaarredamenti.it\/"},{"@type":"ListItem","position":2,"name":"Shop","item":"https:\/\/palmaarredamenti.it\/?page_id=11"},{"@type":"ListItem","position":3,"name":"LAGO AIR TAVOLO ALLUNGABILE"}]},{"@type":"WebSite","@id":"https:\/\/palmaarredamenti.it\/#website","url":"https:\/\/palmaarredamenti.it\/","name":"Palma Arredamenti","description":"Interior design &amp; more","publisher":{"@id":"https:\/\/palmaarredamenti.it\/#organization"},"potentialAction":[{"@type":"SearchAction","target":{"@type":"EntryPoint","urlTemplate":"https:\/\/palmaarredamenti.it\/?s={search_term_string}"},"query-input":{"@type":"PropertyValueSpecification","valueRequired":true,"valueName":"search_term_string"}}],"inLanguage":"it-IT"},{"@type":"Organization","@id":"https:\/\/palmaarredamenti.it\/#organization","name":"Palma Arredamenti","url":"https:\/\/palmaarredamenti.it\/","logo":{"@type":"ImageObject","inLanguage":"it-IT","@id":"https:\/\/palmaarredamenti.it\/#\/schema\/logo\/image\/","url":"https:\/\/palmaarredamenti.it\/wp-content\/uploads\/2022\/06\/logo.png","contentUrl":"https:\/\/palmaarredamenti.it\/wp-content\/uploads\/2022\/06\/logo.png","width":600,"height":132,"caption":"Palma Arredamenti"},"image":{"@id":"https:\/\/palmaarredamenti.it\/#\/schema\/logo\/image\/"}}]}},"_links":{"self":[{"href":"https:\/\/palmaarredamenti.it\/index.php?rest_route=\/wp\/v2\/product\/34895","targetHints":{"allow":["GET"]}}],"collection":[{"href":"https:\/\/palmaarredamenti.it\/index.php?rest_route=\/wp\/v2\/product"}],"about":[{"href":"https:\/\/palmaarredamenti.it\/index.php?rest_route=\/wp\/v2\/types\/product"}],"wp:featuredmedia":[{"embeddable":true,"href":"https:\/\/palmaarredamenti.it\/index.php?rest_route=\/wp\/v2\/media\/35217"}],"wp:attachment":[{"href":"https:\/\/palmaarredamenti.it\/index.php?rest_route=%2Fwp%2Fv2%2Fmedia&parent=34895"}],"wp:term":[{"taxonomy":"product_brand","embeddable":true,"href":"https:\/\/palmaarredamenti.it\/index.php?rest_route=%2Fwp%2Fv2%2Fproduct_brand&post=34895"},{"taxonomy":"product_cat","embeddable":true,"href":"https:\/\/palmaarredamenti.it\/index.php?rest_route=%2Fwp%2Fv2%2Fproduct_cat&post=34895"},{"taxonomy":"product_tag","embeddable":true,"href":"https:\/\/palmaarredamenti.it\/index.php?rest_route=%2Fwp%2Fv2%2Fproduct_tag&post=34895"}],"curies":[{"name":"wp","href":"https:\/\/api.w.org\/{rel}","templated":true}]}}