{"id":34486,"date":"2022-10-04T17:36:29","date_gmt":"2022-10-04T15:36:29","guid":{"rendered":"https:\/\/palmaarredamenti.it\/?post_type=product&#038;p=34486"},"modified":"2022-11-22T11:13:55","modified_gmt":"2022-11-22T10:13:55","slug":"nothern-lighting-oslo-lampada-da-terra","status":"publish","type":"product","link":"https:\/\/palmaarredamenti.it\/?product=nothern-lighting-oslo-lampada-da-terra","title":{"rendered":"NOTHERN LIGHTING  OSLO LAMPADA DA TERRA"},"content":{"rendered":"<p>Personalizzate l&#8217;ambiente con style con Oslo, una lampada da terra alla moda con una base a treppiede e un diffusore multi direzionale. Il diffusore ruota attorno a un un cardano assicurato in cima al treppiede, dandogli il potenziale di dirigere la luce in qualunque direzione.<\/p>\n<p>Il diffusore di tessuto progetta la luce verso l&#8217;alto, gi\u00e0 diffusa attraverso il tessuto per creare un bagliore leggero.<\/p>\n<p>Il designer ricorda come Oslo gli ricorda la luce urbana che filtra attraverso gli alberi che crescono attorno al centro citt\u00e0. Siccome la luce \u00e8 ammorbidita dal diffusore, assomiglia al caldo bagliore di luci urbane su una serata invernale scura che \u00e8 stata diffusa verso l&#8217;alto attraverso i rami degli alberi per illuminare il cielo.<\/p>\n<p>Mentre il diffusore adattabile di Oslo lo lo distingue da molte altre lampade da terra, il suo stile aerodinamico e contemporaneo la allinea con gli altri principali progetti di illuminazione.<\/p>\n","protected":false},"excerpt":{"rendered":"<p style=\"text-align: center;\"><strong>LAMPADA OSLO DA TERRA<\/strong><\/p>\n<p style=\"text-align: center;\">DIMENSIONI base 60 x D. 26\u00a0 H.165<\/p>\n<p style=\"text-align: center;\">FINITURA NERO WOOD<\/p>\n","protected":false},"featured_media":34651,"template":"","meta":[],"product_brand":[],"product_cat":[15,94],"product_tag":[279],"class_list":{"0":"post-34486","1":"product","2":"type-product","3":"status-publish","4":"has-post-thumbnail","6":"product_cat-outlet","7":"product_cat-illuminazione","8":"product_tag-nothern-lighting","11":"first","12":"instock","13":"sale","14":"taxable","15":"shipping-taxable","16":"purchasable","17":"product-type-simple"},"yoast_head":"<!-- This site is optimized with the Yoast SEO plugin v26.9 - https:\/\/yoast.com\/product\/yoast-seo-wordpress\/ -->\n<title>NOTHERN LIGHTING OSLO LAMPADA DA TERRA - Palma Arredamenti<\/title>\n<meta name=\"robots\" content=\"index, follow, max-snippet:-1, max-image-preview:large, max-video-preview:-1\" \/>\n<link rel=\"canonical\" href=\"https:\/\/palmaarredamenti.it\/?product=nothern-lighting-oslo-lampada-da-terra\" \/>\n<meta property=\"og:locale\" content=\"it_IT\" \/>\n<meta property=\"og:type\" content=\"article\" \/>\n<meta property=\"og:title\" content=\"NOTHERN LIGHTING OSLO LAMPADA DA TERRA - Palma Arredamenti\" \/>\n<meta property=\"og:description\" content=\"LAMPADA OSLO DA TERRA DIMENSIONI base 60 x D. 26\u00a0 H.165 FINITURA NERO WOOD\" \/>\n<meta property=\"og:url\" content=\"https:\/\/palmaarredamenti.it\/?product=nothern-lighting-oslo-lampada-da-terra\" \/>\n<meta property=\"og:site_name\" content=\"Palma Arredamenti\" \/>\n<meta property=\"article:modified_time\" content=\"2022-11-22T10:13:55+00:00\" \/>\n<meta property=\"og:image\" content=\"https:\/\/palmaarredamenti.it\/wp-content\/uploads\/2022\/10\/IMG_3906.jpg\" \/>\n\t<meta property=\"og:image:width\" content=\"1920\" \/>\n\t<meta property=\"og:image:height\" content=\"1920\" \/>\n\t<meta property=\"og:image:type\" content=\"image\/jpeg\" \/>\n<meta name=\"twitter:card\" content=\"summary_large_image\" \/>\n<meta name=\"twitter:label1\" content=\"Tempo di lettura stimato\" \/>\n\t<meta name=\"twitter:data1\" content=\"1 minuto\" \/>\n<script type=\"application\/ld+json\" class=\"yoast-schema-graph\">{\"@context\":\"https:\/\/schema.org\",\"@graph\":[{\"@type\":\"WebPage\",\"@id\":\"https:\/\/palmaarredamenti.it\/?product=nothern-lighting-oslo-lampada-da-terra\",\"url\":\"https:\/\/palmaarredamenti.it\/?product=nothern-lighting-oslo-lampada-da-terra\",\"name\":\"NOTHERN LIGHTING OSLO LAMPADA DA TERRA - Palma Arredamenti\",\"isPartOf\":{\"@id\":\"https:\/\/palmaarredamenti.it\/#website\"},\"primaryImageOfPage\":{\"@id\":\"https:\/\/palmaarredamenti.it\/?product=nothern-lighting-oslo-lampada-da-terra#primaryimage\"},\"image\":{\"@id\":\"https:\/\/palmaarredamenti.it\/?product=nothern-lighting-oslo-lampada-da-terra#primaryimage\"},\"thumbnailUrl\":\"https:\/\/palmaarredamenti.it\/wp-content\/uploads\/2022\/10\/IMG_3906.jpg\",\"datePublished\":\"2022-10-04T15:36:29+00:00\",\"dateModified\":\"2022-11-22T10:13:55+00:00\",\"breadcrumb\":{\"@id\":\"https:\/\/palmaarredamenti.it\/?product=nothern-lighting-oslo-lampada-da-terra#breadcrumb\"},\"inLanguage\":\"it-IT\",\"potentialAction\":[{\"@type\":\"ReadAction\",\"target\":[\"https:\/\/palmaarredamenti.it\/?product=nothern-lighting-oslo-lampada-da-terra\"]}]},{\"@type\":\"ImageObject\",\"inLanguage\":\"it-IT\",\"@id\":\"https:\/\/palmaarredamenti.it\/?product=nothern-lighting-oslo-lampada-da-terra#primaryimage\",\"url\":\"https:\/\/palmaarredamenti.it\/wp-content\/uploads\/2022\/10\/IMG_3906.jpg\",\"contentUrl\":\"https:\/\/palmaarredamenti.it\/wp-content\/uploads\/2022\/10\/IMG_3906.jpg\",\"width\":1920,\"height\":1920},{\"@type\":\"BreadcrumbList\",\"@id\":\"https:\/\/palmaarredamenti.it\/?product=nothern-lighting-oslo-lampada-da-terra#breadcrumb\",\"itemListElement\":[{\"@type\":\"ListItem\",\"position\":1,\"name\":\"Home\",\"item\":\"https:\/\/palmaarredamenti.it\/\"},{\"@type\":\"ListItem\",\"position\":2,\"name\":\"Shop\",\"item\":\"https:\/\/palmaarredamenti.it\/?page_id=11\"},{\"@type\":\"ListItem\",\"position\":3,\"name\":\"NOTHERN LIGHTING OSLO LAMPADA DA TERRA\"}]},{\"@type\":\"WebSite\",\"@id\":\"https:\/\/palmaarredamenti.it\/#website\",\"url\":\"https:\/\/palmaarredamenti.it\/\",\"name\":\"Palma Arredamenti\",\"description\":\"Interior design &amp; more\",\"publisher\":{\"@id\":\"https:\/\/palmaarredamenti.it\/#organization\"},\"potentialAction\":[{\"@type\":\"SearchAction\",\"target\":{\"@type\":\"EntryPoint\",\"urlTemplate\":\"https:\/\/palmaarredamenti.it\/?s={search_term_string}\"},\"query-input\":{\"@type\":\"PropertyValueSpecification\",\"valueRequired\":true,\"valueName\":\"search_term_string\"}}],\"inLanguage\":\"it-IT\"},{\"@type\":\"Organization\",\"@id\":\"https:\/\/palmaarredamenti.it\/#organization\",\"name\":\"Palma Arredamenti\",\"url\":\"https:\/\/palmaarredamenti.it\/\",\"logo\":{\"@type\":\"ImageObject\",\"inLanguage\":\"it-IT\",\"@id\":\"https:\/\/palmaarredamenti.it\/#\/schema\/logo\/image\/\",\"url\":\"https:\/\/palmaarredamenti.it\/wp-content\/uploads\/2022\/06\/logo.png\",\"contentUrl\":\"https:\/\/palmaarredamenti.it\/wp-content\/uploads\/2022\/06\/logo.png\",\"width\":600,\"height\":132,\"caption\":\"Palma Arredamenti\"},\"image\":{\"@id\":\"https:\/\/palmaarredamenti.it\/#\/schema\/logo\/image\/\"}}]}<\/script>\n<!-- \/ Yoast SEO plugin. -->","yoast_head_json":{"title":"NOTHERN LIGHTING OSLO LAMPADA DA TERRA - Palma Arredamenti","robots":{"index":"index","follow":"follow","max-snippet":"max-snippet:-1","max-image-preview":"max-image-preview:large","max-video-preview":"max-video-preview:-1"},"canonical":"https:\/\/palmaarredamenti.it\/?product=nothern-lighting-oslo-lampada-da-terra","og_locale":"it_IT","og_type":"article","og_title":"NOTHERN LIGHTING OSLO LAMPADA DA TERRA - Palma Arredamenti","og_description":"LAMPADA OSLO DA TERRA DIMENSIONI base 60 x D. 26\u00a0 H.165 FINITURA NERO WOOD","og_url":"https:\/\/palmaarredamenti.it\/?product=nothern-lighting-oslo-lampada-da-terra","og_site_name":"Palma Arredamenti","article_modified_time":"2022-11-22T10:13:55+00:00","og_image":[{"width":1920,"height":1920,"url":"https:\/\/palmaarredamenti.it\/wp-content\/uploads\/2022\/10\/IMG_3906.jpg","type":"image\/jpeg"}],"twitter_card":"summary_large_image","twitter_misc":{"Tempo di lettura stimato":"1 minuto"},"schema":{"@context":"https:\/\/schema.org","@graph":[{"@type":"WebPage","@id":"https:\/\/palmaarredamenti.it\/?product=nothern-lighting-oslo-lampada-da-terra","url":"https:\/\/palmaarredamenti.it\/?product=nothern-lighting-oslo-lampada-da-terra","name":"NOTHERN LIGHTING OSLO LAMPADA DA TERRA - Palma Arredamenti","isPartOf":{"@id":"https:\/\/palmaarredamenti.it\/#website"},"primaryImageOfPage":{"@id":"https:\/\/palmaarredamenti.it\/?product=nothern-lighting-oslo-lampada-da-terra#primaryimage"},"image":{"@id":"https:\/\/palmaarredamenti.it\/?product=nothern-lighting-oslo-lampada-da-terra#primaryimage"},"thumbnailUrl":"https:\/\/palmaarredamenti.it\/wp-content\/uploads\/2022\/10\/IMG_3906.jpg","datePublished":"2022-10-04T15:36:29+00:00","dateModified":"2022-11-22T10:13:55+00:00","breadcrumb":{"@id":"https:\/\/palmaarredamenti.it\/?product=nothern-lighting-oslo-lampada-da-terra#breadcrumb"},"inLanguage":"it-IT","potentialAction":[{"@type":"ReadAction","target":["https:\/\/palmaarredamenti.it\/?product=nothern-lighting-oslo-lampada-da-terra"]}]},{"@type":"ImageObject","inLanguage":"it-IT","@id":"https:\/\/palmaarredamenti.it\/?product=nothern-lighting-oslo-lampada-da-terra#primaryimage","url":"https:\/\/palmaarredamenti.it\/wp-content\/uploads\/2022\/10\/IMG_3906.jpg","contentUrl":"https:\/\/palmaarredamenti.it\/wp-content\/uploads\/2022\/10\/IMG_3906.jpg","width":1920,"height":1920},{"@type":"BreadcrumbList","@id":"https:\/\/palmaarredamenti.it\/?product=nothern-lighting-oslo-lampada-da-terra#breadcrumb","itemListElement":[{"@type":"ListItem","position":1,"name":"Home","item":"https:\/\/palmaarredamenti.it\/"},{"@type":"ListItem","position":2,"name":"Shop","item":"https:\/\/palmaarredamenti.it\/?page_id=11"},{"@type":"ListItem","position":3,"name":"NOTHERN LIGHTING OSLO LAMPADA DA TERRA"}]},{"@type":"WebSite","@id":"https:\/\/palmaarredamenti.it\/#website","url":"https:\/\/palmaarredamenti.it\/","name":"Palma Arredamenti","description":"Interior design &amp; more","publisher":{"@id":"https:\/\/palmaarredamenti.it\/#organization"},"potentialAction":[{"@type":"SearchAction","target":{"@type":"EntryPoint","urlTemplate":"https:\/\/palmaarredamenti.it\/?s={search_term_string}"},"query-input":{"@type":"PropertyValueSpecification","valueRequired":true,"valueName":"search_term_string"}}],"inLanguage":"it-IT"},{"@type":"Organization","@id":"https:\/\/palmaarredamenti.it\/#organization","name":"Palma Arredamenti","url":"https:\/\/palmaarredamenti.it\/","logo":{"@type":"ImageObject","inLanguage":"it-IT","@id":"https:\/\/palmaarredamenti.it\/#\/schema\/logo\/image\/","url":"https:\/\/palmaarredamenti.it\/wp-content\/uploads\/2022\/06\/logo.png","contentUrl":"https:\/\/palmaarredamenti.it\/wp-content\/uploads\/2022\/06\/logo.png","width":600,"height":132,"caption":"Palma Arredamenti"},"image":{"@id":"https:\/\/palmaarredamenti.it\/#\/schema\/logo\/image\/"}}]}},"_links":{"self":[{"href":"https:\/\/palmaarredamenti.it\/index.php?rest_route=\/wp\/v2\/product\/34486","targetHints":{"allow":["GET"]}}],"collection":[{"href":"https:\/\/palmaarredamenti.it\/index.php?rest_route=\/wp\/v2\/product"}],"about":[{"href":"https:\/\/palmaarredamenti.it\/index.php?rest_route=\/wp\/v2\/types\/product"}],"wp:featuredmedia":[{"embeddable":true,"href":"https:\/\/palmaarredamenti.it\/index.php?rest_route=\/wp\/v2\/media\/34651"}],"wp:attachment":[{"href":"https:\/\/palmaarredamenti.it\/index.php?rest_route=%2Fwp%2Fv2%2Fmedia&parent=34486"}],"wp:term":[{"taxonomy":"product_brand","embeddable":true,"href":"https:\/\/palmaarredamenti.it\/index.php?rest_route=%2Fwp%2Fv2%2Fproduct_brand&post=34486"},{"taxonomy":"product_cat","embeddable":true,"href":"https:\/\/palmaarredamenti.it\/index.php?rest_route=%2Fwp%2Fv2%2Fproduct_cat&post=34486"},{"taxonomy":"product_tag","embeddable":true,"href":"https:\/\/palmaarredamenti.it\/index.php?rest_route=%2Fwp%2Fv2%2Fproduct_tag&post=34486"}],"curies":[{"name":"wp","href":"https:\/\/api.w.org\/{rel}","templated":true}]}}