{"id":15115,"date":"2020-09-08T04:43:26","date_gmt":"2020-09-08T04:43:26","guid":{"rendered":"https:\/\/wpbingosite.com\/wordpress\/funori\/?page_id=15115"},"modified":"2024-12-02T15:51:25","modified_gmt":"2024-12-02T14:51:25","slug":"contact","status":"publish","type":"page","link":"https:\/\/palmaarredamenti.it\/?page_id=15115","title":{"rendered":"Contatti"},"content":{"rendered":"\t\t<div data-elementor-type=\"wp-page\" data-elementor-id=\"15115\" class=\"elementor elementor-15115\">\n\t\t\t\t\t\t<section class=\"elementor-section elementor-top-section elementor-element elementor-element-a8711a2 elementor-section-full_width elementor-section-height-default elementor-section-height-default\" data-id=\"a8711a2\" data-element_type=\"section\" data-e-type=\"section\">\n\t\t\t\t\t\t<div class=\"elementor-container elementor-column-gap-default\">\n\t\t\t\t\t<div class=\"elementor-column elementor-col-100 elementor-top-column elementor-element elementor-element-19666d9\" data-id=\"19666d9\" data-element_type=\"column\" data-e-type=\"column\">\n\t\t\t<div class=\"elementor-widget-wrap elementor-element-populated\">\n\t\t\t\t\t\t<div class=\"elementor-element elementor-element-119b2b0 elementor-widget elementor-widget-bwp_google_maps\" data-id=\"119b2b0\" data-element_type=\"widget\" data-e-type=\"widget\" data-widget_type=\"bwp_google_maps.default\">\n\t\t\t\t<div class=\"elementor-widget-container\">\n\t\t\t\t\t<div class=\"elementor-custom-embed\"><iframe src=\"https:\/\/maps.google.com\/maps?q=palma%20arredamenti&amp;t=m&amp;z=11&amp;output=embed&amp;iwloc=near\" aria-label=\"palma arredamenti\"><\/iframe><\/div>\t\t\t\t<\/div>\n\t\t\t\t<\/div>\n\t\t\t\t\t<\/div>\n\t\t<\/div>\n\t\t\t\t\t<\/div>\n\t\t<\/section>\n\t\t\t\t<section class=\"elementor-section elementor-top-section elementor-element elementor-element-a82c8ef elementor-section-boxed elementor-section-height-default elementor-section-height-default\" data-id=\"a82c8ef\" data-element_type=\"section\" data-e-type=\"section\">\n\t\t\t\t\t\t<div class=\"elementor-container elementor-column-gap-default\">\n\t\t\t\t\t<div class=\"elementor-column elementor-col-50 elementor-top-column elementor-element elementor-element-b7eb238\" data-id=\"b7eb238\" data-element_type=\"column\" data-e-type=\"column\">\n\t\t\t<div class=\"elementor-widget-wrap elementor-element-populated\">\n\t\t\t\t\t\t<div class=\"elementor-element elementor-element-f90bad8 elementor-widget elementor-widget-heading\" data-id=\"f90bad8\" data-element_type=\"widget\" data-e-type=\"widget\" data-widget_type=\"heading.default\">\n\t\t\t\t<div class=\"elementor-widget-container\">\n\t\t\t\t\t<h2 class=\"elementor-heading-title elementor-size-default\">Infomazioni<\/h2>\t\t\t\t<\/div>\n\t\t\t\t<\/div>\n\t\t\t\t<div class=\"elementor-element elementor-element-9a56245 elementor-widget__width-initial elementor-widget elementor-widget-text-editor\" data-id=\"9a56245\" data-element_type=\"widget\" data-e-type=\"widget\" data-widget_type=\"text-editor.default\">\n\t\t\t\t<div class=\"elementor-widget-container\">\n\t\t\t\t\t\t\t\t\t<p>Non c&#8217;\u00e8 nessun posto come casa. Per aiutarti a renderla\u00a0 perfetta, il nostro negozio \u00e8 aperto, consegniamo normalmente, il nostro negozio online \u00e8 disponibile 24 ore su 24, 7 giorni su 7 e il nostro team di assistenza clienti \u00e8 pronto ad aiutarti tramite telefono e chat dal vivo.<\/p>\t\t\t\t\t\t\t\t<\/div>\n\t\t\t\t<\/div>\n\t\t\t\t<div class=\"elementor-element elementor-element-cb016c4 elementor-view-framed elementor-position-inline-start elementor-shape-circle elementor-mobile-position-block-start elementor-widget elementor-widget-icon-box\" data-id=\"cb016c4\" data-element_type=\"widget\" data-e-type=\"widget\" data-widget_type=\"icon-box.default\">\n\t\t\t\t<div class=\"elementor-widget-container\">\n\t\t\t\t\t\t\t<div class=\"elementor-icon-box-wrapper\">\n\n\t\t\t\t\t\t<div class=\"elementor-icon-box-icon\">\n\t\t\t\t<span  class=\"elementor-icon elementor-animation-wobble-horizontal\">\n\t\t\t\t<i aria-hidden=\"true\" class=\"fas fa-map-marker-alt\"><\/i>\t\t\t\t<\/span>\n\t\t\t<\/div>\n\t\t\t\n\t\t\t\t\t\t<div class=\"elementor-icon-box-content\">\n\n\t\t\t\t\t\t\t\t\t<h3 class=\"elementor-icon-box-title\">\n\t\t\t\t\t\t<span  >\n\t\t\t\t\t\t\tIndirizzo\t\t\t\t\t\t<\/span>\n\t\t\t\t\t<\/h3>\n\t\t\t\t\n\t\t\t\t\t\t\t\t\t<p class=\"elementor-icon-box-description\">\n\t\t\t\t\t\tVia Emilia 29, 74121 Taranto\t\t\t\t\t<\/p>\n\t\t\t\t\n\t\t\t<\/div>\n\t\t\t\n\t\t<\/div>\n\t\t\t\t\t\t<\/div>\n\t\t\t\t<\/div>\n\t\t\t\t<div class=\"elementor-element elementor-element-1354a03 elementor-view-framed elementor-shape-square elementor-position-inline-start elementor-mobile-position-block-start elementor-widget elementor-widget-icon-box\" data-id=\"1354a03\" data-element_type=\"widget\" data-e-type=\"widget\" data-widget_type=\"icon-box.default\">\n\t\t\t\t<div class=\"elementor-widget-container\">\n\t\t\t\t\t\t\t<div class=\"elementor-icon-box-wrapper\">\n\n\t\t\t\t\t\t<div class=\"elementor-icon-box-icon\">\n\t\t\t\t<span  class=\"elementor-icon elementor-animation-wobble-horizontal\">\n\t\t\t\t<i aria-hidden=\"true\" class=\"fas fa-phone-square-alt\"><\/i>\t\t\t\t<\/span>\n\t\t\t<\/div>\n\t\t\t\n\t\t\t\t\t\t<div class=\"elementor-icon-box-content\">\n\n\t\t\t\t\t\t\t\t\t<h3 class=\"elementor-icon-box-title\">\n\t\t\t\t\t\t<span  >\n\t\t\t\t\t\t\tTelefono\t\t\t\t\t\t<\/span>\n\t\t\t\t\t<\/h3>\n\t\t\t\t\n\t\t\t\t\t\t\t\t\t<p class=\"elementor-icon-box-description\">\n\t\t\t\t\t\t+39 099 377017\t\t\t\t\t<\/p>\n\t\t\t\t\n\t\t\t<\/div>\n\t\t\t\n\t\t<\/div>\n\t\t\t\t\t\t<\/div>\n\t\t\t\t<\/div>\n\t\t\t\t<div class=\"elementor-element elementor-element-a23c05e elementor-view-framed elementor-shape-square elementor-position-inline-start elementor-mobile-position-block-start elementor-widget elementor-widget-icon-box\" data-id=\"a23c05e\" data-element_type=\"widget\" data-e-type=\"widget\" data-widget_type=\"icon-box.default\">\n\t\t\t\t<div class=\"elementor-widget-container\">\n\t\t\t\t\t\t\t<div class=\"elementor-icon-box-wrapper\">\n\n\t\t\t\t\t\t<div class=\"elementor-icon-box-icon\">\n\t\t\t\t<span  class=\"elementor-icon elementor-animation-wobble-horizontal\">\n\t\t\t\t<i aria-hidden=\"true\" class=\"fas fa-phone-volume\"><\/i>\t\t\t\t<\/span>\n\t\t\t<\/div>\n\t\t\t\n\t\t\t\t\t\t<div class=\"elementor-icon-box-content\">\n\n\t\t\t\t\t\t\t\t\t<h3 class=\"elementor-icon-box-title\">\n\t\t\t\t\t\t<span  >\n\t\t\t\t\t\t\tCellulare\t\t\t\t\t\t<\/span>\n\t\t\t\t\t<\/h3>\n\t\t\t\t\n\t\t\t\t\t\t\t\t\t<p class=\"elementor-icon-box-description\">\n\t\t\t\t\t\t+39 3456273047\t\t\t\t\t<\/p>\n\t\t\t\t\n\t\t\t<\/div>\n\t\t\t\n\t\t<\/div>\n\t\t\t\t\t\t<\/div>\n\t\t\t\t<\/div>\n\t\t\t\t<div class=\"elementor-element elementor-element-3455433 elementor-view-framed elementor-shape-square elementor-position-inline-start elementor-mobile-position-block-start elementor-widget elementor-widget-icon-box\" data-id=\"3455433\" data-element_type=\"widget\" data-e-type=\"widget\" data-widget_type=\"icon-box.default\">\n\t\t\t\t<div class=\"elementor-widget-container\">\n\t\t\t\t\t\t\t<div class=\"elementor-icon-box-wrapper\">\n\n\t\t\t\t\t\t<div class=\"elementor-icon-box-icon\">\n\t\t\t\t<span  class=\"elementor-icon elementor-animation-wobble-horizontal\">\n\t\t\t\t<i aria-hidden=\"true\" class=\"far fa-envelope\"><\/i>\t\t\t\t<\/span>\n\t\t\t<\/div>\n\t\t\t\n\t\t\t\t\t\t<div class=\"elementor-icon-box-content\">\n\n\t\t\t\t\t\t\t\t\t<h3 class=\"elementor-icon-box-title\">\n\t\t\t\t\t\t<span  >\n\t\t\t\t\t\t\tEmail\t\t\t\t\t\t<\/span>\n\t\t\t\t\t<\/h3>\n\t\t\t\t\n\t\t\t\t\t\t\t\t\t<p class=\"elementor-icon-box-description\">\n\t\t\t\t\t\tinfo@palmaarredamenti.it\t\t\t\t\t<\/p>\n\t\t\t\t\n\t\t\t<\/div>\n\t\t\t\n\t\t<\/div>\n\t\t\t\t\t\t<\/div>\n\t\t\t\t<\/div>\n\t\t\t\t\t<\/div>\n\t\t<\/div>\n\t\t\t\t<div class=\"elementor-column elementor-col-50 elementor-top-column elementor-element elementor-element-2c1837a\" data-id=\"2c1837a\" data-element_type=\"column\" data-e-type=\"column\">\n\t\t\t<div class=\"elementor-widget-wrap elementor-element-populated\">\n\t\t\t\t\t\t<section class=\"elementor-section elementor-inner-section elementor-element elementor-element-eb4ccff boxshadow-contact elementor-section-boxed elementor-section-height-default elementor-section-height-default\" data-id=\"eb4ccff\" data-element_type=\"section\" data-e-type=\"section\" data-settings=\"{&quot;background_background&quot;:&quot;classic&quot;}\">\n\t\t\t\t\t\t<div class=\"elementor-container elementor-column-gap-default\">\n\t\t\t\t\t<div class=\"elementor-column elementor-col-100 elementor-inner-column elementor-element elementor-element-ee8a56b\" data-id=\"ee8a56b\" data-element_type=\"column\" data-e-type=\"column\">\n\t\t\t<div class=\"elementor-widget-wrap elementor-element-populated\">\n\t\t\t\t\t\t<div class=\"elementor-element elementor-element-3d53084 elementor-view-default elementor-widget elementor-widget-icon\" data-id=\"3d53084\" data-element_type=\"widget\" data-e-type=\"widget\" data-widget_type=\"icon.default\">\n\t\t\t\t<div class=\"elementor-widget-container\">\n\t\t\t\t\t\t\t<div class=\"elementor-icon-wrapper\">\n\t\t\t<div class=\"elementor-icon elementor-animation-wobble-horizontal\">\n\t\t\t\t\t\t<\/div>\n\t\t<\/div>\n\t\t\t\t\t\t<\/div>\n\t\t\t\t<\/div>\n\t\t\t\t<div class=\"elementor-element elementor-element-ecdc780 elementor-widget elementor-widget-heading\" data-id=\"ecdc780\" data-element_type=\"widget\" data-e-type=\"widget\" data-widget_type=\"heading.default\">\n\t\t\t\t<div class=\"elementor-widget-container\">\n\t\t\t\t\t<h2 class=\"elementor-heading-title elementor-size-default\">Inviaci un messaggio<\/h2>\t\t\t\t<\/div>\n\t\t\t\t<\/div>\n\t\t\t\t<div class=\"elementor-element elementor-element-24d7814 elementor-widget elementor-widget-shortcode\" data-id=\"24d7814\" data-element_type=\"widget\" data-e-type=\"widget\" data-widget_type=\"shortcode.default\">\n\t\t\t\t<div class=\"elementor-widget-container\">\n\t\t\t\t\t\t\t<div class=\"elementor-shortcode\">\n<div class=\"wpcf7 no-js\" id=\"wpcf7-f33908-o1\" lang=\"en-US\" dir=\"ltr\" data-wpcf7-id=\"33908\">\n<div class=\"screen-reader-response\"><p role=\"status\" aria-live=\"polite\" aria-atomic=\"true\"><\/p> <ul><\/ul><\/div>\n<form action=\"\/index.php?rest_route=%2Fwp%2Fv2%2Fpages%2F15115#wpcf7-f33908-o1\" method=\"post\" class=\"wpcf7-form init\" aria-label=\"Contact form\" novalidate=\"novalidate\" data-status=\"init\">\n<fieldset class=\"hidden-fields-container\"><input type=\"hidden\" name=\"_wpcf7\" value=\"33908\" \/><input type=\"hidden\" name=\"_wpcf7_version\" value=\"6.1.5\" \/><input type=\"hidden\" name=\"_wpcf7_locale\" value=\"en_US\" \/><input type=\"hidden\" name=\"_wpcf7_unit_tag\" value=\"wpcf7-f33908-o1\" \/><input type=\"hidden\" name=\"_wpcf7_container_post\" value=\"0\" \/><input type=\"hidden\" name=\"_wpcf7_posted_data_hash\" value=\"\" \/><input type=\"hidden\" name=\"_wpcf7_recaptcha_response\" value=\"\" \/>\n<\/fieldset>\n<div class=\"contact-us-form\">\n\t<div class=\"row\">\n\t\t<div class=\"col-sm-12 col-md-6\">\n\t\t\t<p><label>Nome<\/label><br \/>\n<span class=\"wpcf7-form-control-wrap\" data-name=\"Name\"><input size=\"40\" maxlength=\"400\" class=\"wpcf7-form-control wpcf7-text wpcf7-validates-as-required\" aria-required=\"true\" aria-invalid=\"false\" placeholder=\"\" value=\"\" type=\"text\" name=\"Name\" \/><\/span>\n\t\t\t<\/p>\n\t\t<\/div>\n\t\t<div class=\"col-sm-12 col-md-6\">\n\t\t\t<p><label>Email<\/label><br \/>\n<span class=\"wpcf7-form-control-wrap\" data-name=\"Email\"><input size=\"40\" maxlength=\"400\" class=\"wpcf7-form-control wpcf7-email wpcf7-validates-as-required wpcf7-text wpcf7-validates-as-email\" aria-required=\"true\" aria-invalid=\"false\" placeholder=\"\" value=\"\" type=\"email\" name=\"Email\" \/><\/span>\n\t\t\t<\/p>\n\t\t<\/div>\n\t<\/div>\n\t<div class=\"row\">\n\t\t<div class=\"col-sm-12\">\n\t\t\t<p><label>Messaggio<\/label><br \/>\n<span class=\"wpcf7-form-control-wrap\" data-name=\"textarea-982\"><textarea cols=\"40\" rows=\"10\" maxlength=\"2000\" class=\"wpcf7-form-control wpcf7-textarea wpcf7-validates-as-required\" aria-required=\"true\" aria-invalid=\"false\" placeholder=\"\" name=\"textarea-982\"><\/textarea><\/span>\n\t\t\t<\/p>\n\t\t<\/div>\n\t<\/div>\n\t<div class=\"content-button\">\n\t\t<div class=\"button\">\n\t\t\t<p><input class=\"wpcf7-form-control wpcf7-submit has-spinner\" type=\"submit\" value=\"Invia\" \/>\n\t\t\t<\/p>\n\t\t<\/div>\n\t<\/div>\n<\/div><div class=\"wpcf7-response-output\" aria-hidden=\"true\"><\/div>\n<\/form>\n<\/div>\n<\/div>\n\t\t\t\t\t\t<\/div>\n\t\t\t\t<\/div>\n\t\t\t\t\t<\/div>\n\t\t<\/div>\n\t\t\t\t\t<\/div>\n\t\t<\/section>\n\t\t\t\t\t<\/div>\n\t\t<\/div>\n\t\t\t\t\t<\/div>\n\t\t<\/section>\n\t\t\t\t<\/div>\n\t\t","protected":false},"excerpt":{"rendered":"<p>Infomazioni Non c&#8217;\u00e8 nessun posto come casa. Per aiutarti a renderla\u00a0 perfetta, il nostro negozio \u00e8 aperto, consegniamo normalmente, il nostro negozio online \u00e8 disponibile 24 ore su 24, 7 giorni su 7 e il nostro team di assistenza clienti \u00e8 pronto ad aiutarti tramite telefono e chat dal vivo. Indirizzo Via Emilia 29, 74121 [&hellip;]<\/p>\n","protected":false},"author":1267,"featured_media":0,"parent":0,"menu_order":0,"comment_status":"closed","ping_status":"closed","template":"","meta":{"footnotes":""},"class_list":["post-15115","page","type-page","status-publish","hentry"],"yoast_head":"<!-- This site is optimized with the Yoast SEO plugin v26.9 - https:\/\/yoast.com\/product\/yoast-seo-wordpress\/ -->\n<title>Contatti - Palma Arredamenti<\/title>\n<meta name=\"robots\" content=\"index, follow, max-snippet:-1, max-image-preview:large, max-video-preview:-1\" \/>\n<link rel=\"canonical\" href=\"https:\/\/palmaarredamenti.it\/?page_id=15115\" \/>\n<meta property=\"og:locale\" content=\"it_IT\" \/>\n<meta property=\"og:type\" content=\"article\" \/>\n<meta property=\"og:title\" content=\"Contatti - Palma Arredamenti\" \/>\n<meta property=\"og:description\" content=\"Infomazioni Non c&#8217;\u00e8 nessun posto come casa. Per aiutarti a renderla\u00a0 perfetta, il nostro negozio \u00e8 aperto, consegniamo normalmente, il nostro negozio online \u00e8 disponibile 24 ore su 24, 7 giorni su 7 e il nostro team di assistenza clienti \u00e8 pronto ad aiutarti tramite telefono e chat dal vivo. Indirizzo Via Emilia 29, 74121 [&hellip;]\" \/>\n<meta property=\"og:url\" content=\"https:\/\/palmaarredamenti.it\/?page_id=15115\" \/>\n<meta property=\"og:site_name\" content=\"Palma Arredamenti\" \/>\n<meta property=\"article:modified_time\" content=\"2024-12-02T14:51:25+00:00\" \/>\n<meta name=\"twitter:card\" content=\"summary_large_image\" \/>\n<meta name=\"twitter:label1\" content=\"Tempo di lettura stimato\" \/>\n\t<meta name=\"twitter:data1\" content=\"1 minuto\" \/>\n<script type=\"application\/ld+json\" class=\"yoast-schema-graph\">{\"@context\":\"https:\/\/schema.org\",\"@graph\":[{\"@type\":\"WebPage\",\"@id\":\"https:\/\/palmaarredamenti.it\/?page_id=15115\",\"url\":\"https:\/\/palmaarredamenti.it\/?page_id=15115\",\"name\":\"Contatti - Palma Arredamenti\",\"isPartOf\":{\"@id\":\"https:\/\/palmaarredamenti.it\/#website\"},\"datePublished\":\"2020-09-08T04:43:26+00:00\",\"dateModified\":\"2024-12-02T14:51:25+00:00\",\"breadcrumb\":{\"@id\":\"https:\/\/palmaarredamenti.it\/?page_id=15115#breadcrumb\"},\"inLanguage\":\"it-IT\",\"potentialAction\":[{\"@type\":\"ReadAction\",\"target\":[\"https:\/\/palmaarredamenti.it\/?page_id=15115\"]}]},{\"@type\":\"BreadcrumbList\",\"@id\":\"https:\/\/palmaarredamenti.it\/?page_id=15115#breadcrumb\",\"itemListElement\":[{\"@type\":\"ListItem\",\"position\":1,\"name\":\"Home\",\"item\":\"https:\/\/palmaarredamenti.it\/\"},{\"@type\":\"ListItem\",\"position\":2,\"name\":\"Contatti\"}]},{\"@type\":\"WebSite\",\"@id\":\"https:\/\/palmaarredamenti.it\/#website\",\"url\":\"https:\/\/palmaarredamenti.it\/\",\"name\":\"Palma Arredamenti\",\"description\":\"Interior design &amp; more\",\"publisher\":{\"@id\":\"https:\/\/palmaarredamenti.it\/#organization\"},\"potentialAction\":[{\"@type\":\"SearchAction\",\"target\":{\"@type\":\"EntryPoint\",\"urlTemplate\":\"https:\/\/palmaarredamenti.it\/?s={search_term_string}\"},\"query-input\":{\"@type\":\"PropertyValueSpecification\",\"valueRequired\":true,\"valueName\":\"search_term_string\"}}],\"inLanguage\":\"it-IT\"},{\"@type\":\"Organization\",\"@id\":\"https:\/\/palmaarredamenti.it\/#organization\",\"name\":\"Palma Arredamenti\",\"url\":\"https:\/\/palmaarredamenti.it\/\",\"logo\":{\"@type\":\"ImageObject\",\"inLanguage\":\"it-IT\",\"@id\":\"https:\/\/palmaarredamenti.it\/#\/schema\/logo\/image\/\",\"url\":\"https:\/\/palmaarredamenti.it\/wp-content\/uploads\/2022\/06\/logo.png\",\"contentUrl\":\"https:\/\/palmaarredamenti.it\/wp-content\/uploads\/2022\/06\/logo.png\",\"width\":600,\"height\":132,\"caption\":\"Palma Arredamenti\"},\"image\":{\"@id\":\"https:\/\/palmaarredamenti.it\/#\/schema\/logo\/image\/\"}}]}<\/script>\n<!-- \/ Yoast SEO plugin. -->","yoast_head_json":{"title":"Contatti - Palma Arredamenti","robots":{"index":"index","follow":"follow","max-snippet":"max-snippet:-1","max-image-preview":"max-image-preview:large","max-video-preview":"max-video-preview:-1"},"canonical":"https:\/\/palmaarredamenti.it\/?page_id=15115","og_locale":"it_IT","og_type":"article","og_title":"Contatti - Palma Arredamenti","og_description":"Infomazioni Non c&#8217;\u00e8 nessun posto come casa. Per aiutarti a renderla\u00a0 perfetta, il nostro negozio \u00e8 aperto, consegniamo normalmente, il nostro negozio online \u00e8 disponibile 24 ore su 24, 7 giorni su 7 e il nostro team di assistenza clienti \u00e8 pronto ad aiutarti tramite telefono e chat dal vivo. Indirizzo Via Emilia 29, 74121 [&hellip;]","og_url":"https:\/\/palmaarredamenti.it\/?page_id=15115","og_site_name":"Palma Arredamenti","article_modified_time":"2024-12-02T14:51:25+00:00","twitter_card":"summary_large_image","twitter_misc":{"Tempo di lettura stimato":"1 minuto"},"schema":{"@context":"https:\/\/schema.org","@graph":[{"@type":"WebPage","@id":"https:\/\/palmaarredamenti.it\/?page_id=15115","url":"https:\/\/palmaarredamenti.it\/?page_id=15115","name":"Contatti - Palma Arredamenti","isPartOf":{"@id":"https:\/\/palmaarredamenti.it\/#website"},"datePublished":"2020-09-08T04:43:26+00:00","dateModified":"2024-12-02T14:51:25+00:00","breadcrumb":{"@id":"https:\/\/palmaarredamenti.it\/?page_id=15115#breadcrumb"},"inLanguage":"it-IT","potentialAction":[{"@type":"ReadAction","target":["https:\/\/palmaarredamenti.it\/?page_id=15115"]}]},{"@type":"BreadcrumbList","@id":"https:\/\/palmaarredamenti.it\/?page_id=15115#breadcrumb","itemListElement":[{"@type":"ListItem","position":1,"name":"Home","item":"https:\/\/palmaarredamenti.it\/"},{"@type":"ListItem","position":2,"name":"Contatti"}]},{"@type":"WebSite","@id":"https:\/\/palmaarredamenti.it\/#website","url":"https:\/\/palmaarredamenti.it\/","name":"Palma Arredamenti","description":"Interior design &amp; more","publisher":{"@id":"https:\/\/palmaarredamenti.it\/#organization"},"potentialAction":[{"@type":"SearchAction","target":{"@type":"EntryPoint","urlTemplate":"https:\/\/palmaarredamenti.it\/?s={search_term_string}"},"query-input":{"@type":"PropertyValueSpecification","valueRequired":true,"valueName":"search_term_string"}}],"inLanguage":"it-IT"},{"@type":"Organization","@id":"https:\/\/palmaarredamenti.it\/#organization","name":"Palma Arredamenti","url":"https:\/\/palmaarredamenti.it\/","logo":{"@type":"ImageObject","inLanguage":"it-IT","@id":"https:\/\/palmaarredamenti.it\/#\/schema\/logo\/image\/","url":"https:\/\/palmaarredamenti.it\/wp-content\/uploads\/2022\/06\/logo.png","contentUrl":"https:\/\/palmaarredamenti.it\/wp-content\/uploads\/2022\/06\/logo.png","width":600,"height":132,"caption":"Palma Arredamenti"},"image":{"@id":"https:\/\/palmaarredamenti.it\/#\/schema\/logo\/image\/"}}]}},"_links":{"self":[{"href":"https:\/\/palmaarredamenti.it\/index.php?rest_route=\/wp\/v2\/pages\/15115","targetHints":{"allow":["GET"]}}],"collection":[{"href":"https:\/\/palmaarredamenti.it\/index.php?rest_route=\/wp\/v2\/pages"}],"about":[{"href":"https:\/\/palmaarredamenti.it\/index.php?rest_route=\/wp\/v2\/types\/page"}],"author":[{"embeddable":true,"href":"https:\/\/palmaarredamenti.it\/index.php?rest_route=\/wp\/v2\/users\/1267"}],"replies":[{"embeddable":true,"href":"https:\/\/palmaarredamenti.it\/index.php?rest_route=%2Fwp%2Fv2%2Fcomments&post=15115"}],"version-history":[{"count":19,"href":"https:\/\/palmaarredamenti.it\/index.php?rest_route=\/wp\/v2\/pages\/15115\/revisions"}],"predecessor-version":[{"id":35416,"href":"https:\/\/palmaarredamenti.it\/index.php?rest_route=\/wp\/v2\/pages\/15115\/revisions\/35416"}],"wp:attachment":[{"href":"https:\/\/palmaarredamenti.it\/index.php?rest_route=%2Fwp%2Fv2%2Fmedia&parent=15115"}],"curies":[{"name":"wp","href":"https:\/\/api.w.org\/{rel}","templated":true}]}}